{"id":623,"date":"2020-04-03T12:42:20","date_gmt":"2020-04-03T15:42:20","guid":{"rendered":"http:\/\/csmb.prefeitura.sp.gov.br\/?page_id=623"},"modified":"2024-04-24T17:10:03","modified_gmt":"2024-04-24T20:10:03","slug":"linha-do-tempo","status":"publish","type":"page","link":"https:\/\/csmb.prefeitura.sp.gov.br\/index.php\/linha-do-tempo\/","title":{"rendered":"Linhas do Tempo"},"content":{"rendered":"<div id=\"pl-623\"  class=\"panel-layout\" ><div id=\"pg-623-0\"  class=\"panel-grid panel-has-style\" ><div class=\"siteorigin-panels-stretch panel-row-style panel-row-style-for-623-0\" data-stretch-type=\"full\" ><div id=\"pgc-623-0-0\"  class=\"panel-grid-cell\" ><div id=\"panel-623-0-0-0\" class=\"so-panel widget widget_sow-editor panel-first-child\" data-index=\"0\" ><div\n\t\t\t\n\t\t\tclass=\"so-widget-sow-editor so-widget-sow-editor-base\"\n\t\t\t\n\t\t>\n<div class=\"siteorigin-widget-tinymce textwidget\">\n\t<h1><\/h1>\n<p>&nbsp;<\/p>\n<\/div>\n<\/div><\/div><div id=\"panel-623-0-0-1\" class=\"so-panel widget widget_sow-editor\" data-index=\"1\" ><div\n\t\t\t\n\t\t\tclass=\"so-widget-sow-editor so-widget-sow-editor-base\"\n\t\t\t\n\t\t>\n<div class=\"siteorigin-widget-tinymce textwidget\">\n\t<h1><span style=\"color: #ffffff;\">Bibliotecas P\u00fablicas<\/span><\/h1>\n<p>&nbsp;<\/p>\n<\/div>\n<\/div><\/div><div id=\"panel-623-0-0-2\" class=\"so-panel widget widget_sow-button panel-last-child\" data-index=\"2\" ><div\n\t\t\t\n\t\t\tclass=\"so-widget-sow-button so-widget-sow-button-wire-ccad6d934366-623\"\n\t\t\t\n\t\t><div class=\"ow-button-base ow-button-align-left\"\n>\n\t\t\t<a\n\t\t\t\t\thref=\"https:\/\/csmb.prefeitura.sp.gov.br\/index.php\/time-line-inicio\/\"\n\t\t\t\t\tclass=\"sowb-button ow-icon-placement-left ow-button-hover\" \t>\n\t\t<span>\n\t\t\t\n\t\t\tSaiba mais...\t\t<\/span>\n\t\t\t<\/a>\n\t<\/div>\n<\/div><\/div><\/div><div id=\"pgc-623-0-1\"  class=\"panel-grid-cell\" ><div id=\"panel-623-0-1-0\" class=\"so-panel widget widget_sow-image panel-first-child panel-last-child\" data-index=\"3\" ><div\n\t\t\t\n\t\t\tclass=\"so-widget-sow-image so-widget-sow-image-default-c67d20f9f743-623\"\n\t\t\t\n\t\t>\n<div class=\"sow-image-container\">\n\t\t<img \n\tsrc=\"https:\/\/csmb.prefeitura.sp.gov.br\/wp-content\/uploads\/2020\/04\/cassiano.jpg\" width=\"510\" height=\"407\" srcset=\"https:\/\/csmb.prefeitura.sp.gov.br\/wp-content\/uploads\/2020\/04\/cassiano.jpg 510w, https:\/\/csmb.prefeitura.sp.gov.br\/wp-content\/uploads\/2020\/04\/cassiano-300x239.jpg 300w, https:\/\/csmb.prefeitura.sp.gov.br\/wp-content\/uploads\/2020\/04\/cassiano-75x60.jpg 75w\" sizes=\"(max-width: 510px) 100vw, 510px\" title=\"Cassiano Ricardo\" alt=\"Cassiano Ricardo\" \t\tclass=\"so-widget-image\"\/>\n\t<\/div>\n\n<\/div><\/div><\/div><\/div><\/div><div id=\"pg-623-1\"  class=\"panel-grid panel-no-style\" ><div id=\"pgc-623-1-0\"  class=\"panel-grid-cell\" ><div id=\"panel-623-1-0-0\" class=\"so-panel widget widget_sow-image panel-first-child panel-last-child\" data-index=\"4\" ><div\n\t\t\t\n\t\t\tclass=\"so-widget-sow-image so-widget-sow-image-default-c67d20f9f743-623\"\n\t\t\t\n\t\t>\n<div class=\"sow-image-container\">\n\t\t<img \n\tsrc=\"https:\/\/csmb.prefeitura.sp.gov.br\/wp-content\/uploads\/2020\/04\/cassiano.jpg\" width=\"510\" height=\"407\" srcset=\"https:\/\/csmb.prefeitura.sp.gov.br\/wp-content\/uploads\/2020\/04\/cassiano.jpg 510w, https:\/\/csmb.prefeitura.sp.gov.br\/wp-content\/uploads\/2020\/04\/cassiano-300x239.jpg 300w, https:\/\/csmb.prefeitura.sp.gov.br\/wp-content\/uploads\/2020\/04\/cassiano-75x60.jpg 75w\" sizes=\"(max-width: 510px) 100vw, 510px\" title=\"Cassiano Ricardo\" alt=\"Cassiano Ricardo\" \t\tclass=\"so-widget-image\"\/>\n\t<\/div>\n\n<\/div><\/div><\/div><div id=\"pgc-623-1-1\"  class=\"panel-grid-cell\" ><div id=\"panel-623-1-1-0\" class=\"so-panel widget widget_sow-editor panel-first-child\" data-index=\"5\" ><div\n\t\t\t\n\t\t\tclass=\"so-widget-sow-editor so-widget-sow-editor-base\"\n\t\t\t\n\t\t>\n<div class=\"siteorigin-widget-tinymce textwidget\">\n\t<\/div>\n<\/div><\/div><div id=\"panel-623-1-1-1\" class=\"so-panel widget widget_sow-editor panel-last-child\" data-index=\"6\" ><div\n\t\t\t\n\t\t\tclass=\"so-widget-sow-editor so-widget-sow-editor-base\"\n\t\t\t\n\t\t>\n<div class=\"siteorigin-widget-tinymce textwidget\">\n\t<h1 style=\"text-align: center;\"><span style=\"color: #000000;\">Evolu\u00e7\u00e3o das Bibliotecas de Bairro<\/span><\/h1>\n<p>&nbsp;<\/p>\n<\/div>\n<\/div><\/div><\/div><div id=\"pgc-623-1-2\"  class=\"panel-grid-cell\" ><div id=\"panel-623-1-2-0\" class=\"so-panel widget widget_sow-image panel-first-child panel-last-child\" data-index=\"7\" ><div\n\t\t\t\n\t\t\tclass=\"so-widget-sow-image so-widget-sow-image-default-c67d20f9f743-623\"\n\t\t\t\n\t\t>\n<div class=\"sow-image-container\">\n\t\t<img \n\tsrc=\"https:\/\/csmb.prefeitura.sp.gov.br\/wp-content\/uploads\/2020\/04\/monteiro.jpg\" width=\"510\" height=\"344\" srcset=\"https:\/\/csmb.prefeitura.sp.gov.br\/wp-content\/uploads\/2020\/04\/monteiro.jpg 510w, https:\/\/csmb.prefeitura.sp.gov.br\/wp-content\/uploads\/2020\/04\/monteiro-300x202.jpg 300w, https:\/\/csmb.prefeitura.sp.gov.br\/wp-content\/uploads\/2020\/04\/monteiro-89x60.jpg 89w, https:\/\/csmb.prefeitura.sp.gov.br\/wp-content\/uploads\/2020\/04\/monteiro-272x182.jpg 272w\" sizes=\"(max-width: 510px) 100vw, 510px\" title=\"Monteiro Lobato\" alt=\"Monteiro Lobato\" \t\tclass=\"so-widget-image\"\/>\n\t<\/div>\n\n<\/div><\/div><\/div><\/div><div id=\"pg-623-2\"  class=\"panel-grid panel-has-style\" ><div class=\"siteorigin-panels-stretch panel-row-style panel-row-style-for-623-2\" data-stretch-type=\"full\" ><div id=\"pgc-623-2-0\"  class=\"panel-grid-cell\" ><div id=\"panel-623-2-0-0\" class=\"so-panel widget widget_sow-image panel-first-child panel-last-child\" data-index=\"8\" ><div\n\t\t\t\n\t\t\tclass=\"so-widget-sow-image so-widget-sow-image-default-c67d20f9f743-623\"\n\t\t\t\n\t\t>\n<div class=\"sow-image-container\">\n\t\t<img \n\tsrc=\"https:\/\/csmb.prefeitura.sp.gov.br\/wp-content\/uploads\/2020\/04\/monteiro.jpg\" width=\"510\" height=\"344\" srcset=\"https:\/\/csmb.prefeitura.sp.gov.br\/wp-content\/uploads\/2020\/04\/monteiro.jpg 510w, https:\/\/csmb.prefeitura.sp.gov.br\/wp-content\/uploads\/2020\/04\/monteiro-300x202.jpg 300w, https:\/\/csmb.prefeitura.sp.gov.br\/wp-content\/uploads\/2020\/04\/monteiro-89x60.jpg 89w, https:\/\/csmb.prefeitura.sp.gov.br\/wp-content\/uploads\/2020\/04\/monteiro-272x182.jpg 272w\" sizes=\"(max-width: 510px) 100vw, 510px\" title=\"Monteiro Lobato\" alt=\"Monteiro Lobato\" \t\tclass=\"so-widget-image\"\/>\n\t<\/div>\n\n<\/div><\/div><\/div><div id=\"pgc-623-2-1\"  class=\"panel-grid-cell\" ><div id=\"panel-623-2-1-0\" class=\"so-panel widget widget_sow-editor panel-first-child\" data-index=\"9\" ><div\n\t\t\t\n\t\t\tclass=\"so-widget-sow-editor so-widget-sow-editor-base\"\n\t\t\t\n\t\t>\n<div class=\"siteorigin-widget-tinymce textwidget\">\n\t<\/div>\n<\/div><\/div><div id=\"panel-623-2-1-1\" class=\"so-panel widget widget_sow-editor\" data-index=\"10\" ><div\n\t\t\t\n\t\t\tclass=\"so-widget-sow-editor so-widget-sow-editor-base\"\n\t\t\t\n\t\t>\n<div class=\"siteorigin-widget-tinymce textwidget\">\n\t<\/div>\n<\/div><\/div><div id=\"panel-623-2-1-2\" class=\"so-panel widget widget_sow-editor\" data-index=\"11\" ><div\n\t\t\t\n\t\t\tclass=\"so-widget-sow-editor so-widget-sow-editor-base\"\n\t\t\t\n\t\t>\n<div class=\"siteorigin-widget-tinymce textwidget\">\n\t<h1><span style=\"color: #fff;\">Biblioteca Infantojuvenil<\/span><\/h1>\n<p>&nbsp;<\/p>\n<\/div>\n<\/div><\/div><div id=\"panel-623-2-1-3\" class=\"so-panel widget widget_sow-button panel-last-child\" data-index=\"12\" ><div\n\t\t\t\n\t\t\tclass=\"so-widget-sow-button so-widget-sow-button-wire-ccad6d934366-623\"\n\t\t\t\n\t\t><div class=\"ow-button-base ow-button-align-left\"\n>\n\t\t\t<a\n\t\t\t\t\thref=\"https:\/\/csmb.prefeitura.sp.gov.br\/index.php\/linha-do-tempo-biblioteca-infanto-juvenil-ramais\/\"\n\t\t\t\t\tclass=\"sowb-button ow-icon-placement-left ow-button-hover\" \t>\n\t\t<span>\n\t\t\t\n\t\t\tSaiba mais...\t\t<\/span>\n\t\t\t<\/a>\n\t<\/div>\n<\/div><\/div><\/div><\/div><\/div><\/div>","protected":false},"excerpt":{"rendered":"<p>&nbsp; Bibliotecas P\u00fablicas &nbsp; Evolu\u00e7\u00e3o das Bibliotecas de Bairro &nbsp;<\/p>\n","protected":false},"author":2,"featured_media":0,"parent":0,"menu_order":0,"comment_status":"closed","ping_status":"closed","template":"","meta":{"footnotes":""},"class_list":["post-623","page","type-page","status-publish","hentry"],"_links":{"self":[{"href":"https:\/\/csmb.prefeitura.sp.gov.br\/index.php\/wp-json\/wp\/v2\/pages\/623","targetHints":{"allow":["GET"]}}],"collection":[{"href":"https:\/\/csmb.prefeitura.sp.gov.br\/index.php\/wp-json\/wp\/v2\/pages"}],"about":[{"href":"https:\/\/csmb.prefeitura.sp.gov.br\/index.php\/wp-json\/wp\/v2\/types\/page"}],"author":[{"embeddable":true,"href":"https:\/\/csmb.prefeitura.sp.gov.br\/index.php\/wp-json\/wp\/v2\/users\/2"}],"replies":[{"embeddable":true,"href":"https:\/\/csmb.prefeitura.sp.gov.br\/index.php\/wp-json\/wp\/v2\/comments?post=623"}],"version-history":[{"count":5,"href":"https:\/\/csmb.prefeitura.sp.gov.br\/index.php\/wp-json\/wp\/v2\/pages\/623\/revisions"}],"predecessor-version":[{"id":2870,"href":"https:\/\/csmb.prefeitura.sp.gov.br\/index.php\/wp-json\/wp\/v2\/pages\/623\/revisions\/2870"}],"wp:attachment":[{"href":"https:\/\/csmb.prefeitura.sp.gov.br\/index.php\/wp-json\/wp\/v2\/media?parent=623"}],"curies":[{"name":"wp","href":"https:\/\/api.w.org\/{rel}","templated":true}]}}