{"id":2615,"date":"2022-02-15T13:23:00","date_gmt":"2022-02-15T15:23:00","guid":{"rendered":"https:\/\/csmb.prefeitura.sp.gov.br\/?page_id=2615"},"modified":"2025-06-10T07:43:54","modified_gmt":"2025-06-10T10:43:54","slug":"fontes-consultadas-3","status":"publish","type":"page","link":"https:\/\/csmb.prefeitura.sp.gov.br\/index.php\/fontes-consultadas-3\/","title":{"rendered":"Fontes Consultadas"},"content":{"rendered":"<div id=\"pl-2615\"  class=\"panel-layout\" ><div id=\"pg-2615-0\"  class=\"panel-grid panel-no-style\" ><div id=\"pgc-2615-0-0\"  class=\"panel-grid-cell\" ><div id=\"panel-2615-0-0-0\" class=\"so-panel widget widget_sow-editor panel-first-child panel-last-child\" data-index=\"0\" ><div\n\t\t\t\n\t\t\tclass=\"so-widget-sow-editor so-widget-sow-editor-base\"\n\t\t\t\n\t\t>\n<div class=\"siteorigin-widget-tinymce textwidget\">\n\t<p><strong>S\u00c3O PAULO(cidade).<\/strong> T\u00edtulos de nomea\u00e7\u00e3o expedidos. Di\u00e1rio Oficial do Munic\u00edpio: Administra\u00e7\u00e3o, S\u00e3o Paulo, ano XXVI, n\u00ba 71, p.15. 14 abr. 1981.Dispon\u00edvel em: <a href=\"https:\/\/bit.ly\/3DHI1GF\">https:\/\/bit.ly\/3DHI1GF<\/a>. Acesso: 16 ago. 2021.<br \/>\nT\u00edtulos de nomea\u00e7\u00e3o expedidos. Di\u00e1rio Oficial do Munic\u00edpio: Administra\u00e7\u00e3o, S\u00e3o Paulo, ano XXVI, n\u00ba 89, p.5, 15 maio 1981. Dispon\u00edvel em: <a href=\"https:\/\/bit.ly\/3tbpAW7\">https:\/\/bit.ly\/3tbpAW7<\/a>. Acesso: 16 ago. 2021.<br \/>\nT\u00edtulos de nomea\u00e7\u00e3o expedidos. Di\u00e1rio Oficial do Munic\u00edpio: Administra\u00e7\u00e3o, S\u00e3o Paulo, ano XXVI, n\u00ba 222, p.5, 24 nov.1981. Dispon\u00edvel em: <a href=\"https:\/\/bit.ly\/3teVz7y\">https:\/\/bit.ly\/3teVz7y<\/a>. Acesso: 16 ago. 2021.<\/p>\n<p><strong>SECRETARIA MUNICIPAL DE CULTURA. DEPARTAMENTO DE BIBLIOTECAS INFANTO-JUVENIS.<\/strong> As 5 primeiras bibliotecas de bairro: d\u00e9cadas de 40 e 50.S\u00e3o Paulo, 1999.(Projeto Mem\u00f3ria do Departamento de Bibliotecas Infanto Juvenis, v.1).<\/p>\n<p><strong>SECRETARIA MUNICIPAL DE CULTURA. DEPARTAMENTO DE BIBLIOTECAS INFANTO-JUVENIS.<\/strong> As bibliotecas - padr\u00e3o 7 de setembro de 1956 .S\u00e3o Paulo, 1999.(Projeto Mem\u00f3ria do Departamento de Bibliotecas Infanto Juvenis, v.2).<\/p>\n<\/div>\n<\/div><\/div><\/div><\/div><\/div>","protected":false},"excerpt":{"rendered":"<p>S\u00c3O PAULO(cidade). T\u00edtulos de nomea\u00e7\u00e3o expedidos. Di\u00e1rio Oficial do Munic\u00edpio: Administra\u00e7\u00e3o, S\u00e3o Paulo, ano XXVI, n\u00ba 71, p.15. 14 abr. 1981.Dispon\u00edvel em: https:\/\/bit.ly\/3DHI1GF. Acesso: 16 ago. 2021. T\u00edtulos de nomea\u00e7\u00e3o expedidos. Di\u00e1rio Oficial do Munic\u00edpio: Administra\u00e7\u00e3o, S\u00e3o Paulo, ano XXVI, n\u00ba 89, p.5, 15 maio &hellip; <\/p>\n","protected":false},"author":2,"featured_media":0,"parent":0,"menu_order":0,"comment_status":"closed","ping_status":"closed","template":"","meta":{"footnotes":""},"class_list":["post-2615","page","type-page","status-publish","hentry"],"_links":{"self":[{"href":"https:\/\/csmb.prefeitura.sp.gov.br\/index.php\/wp-json\/wp\/v2\/pages\/2615","targetHints":{"allow":["GET"]}}],"collection":[{"href":"https:\/\/csmb.prefeitura.sp.gov.br\/index.php\/wp-json\/wp\/v2\/pages"}],"about":[{"href":"https:\/\/csmb.prefeitura.sp.gov.br\/index.php\/wp-json\/wp\/v2\/types\/page"}],"author":[{"embeddable":true,"href":"https:\/\/csmb.prefeitura.sp.gov.br\/index.php\/wp-json\/wp\/v2\/users\/2"}],"replies":[{"embeddable":true,"href":"https:\/\/csmb.prefeitura.sp.gov.br\/index.php\/wp-json\/wp\/v2\/comments?post=2615"}],"version-history":[{"count":1,"href":"https:\/\/csmb.prefeitura.sp.gov.br\/index.php\/wp-json\/wp\/v2\/pages\/2615\/revisions"}],"predecessor-version":[{"id":3044,"href":"https:\/\/csmb.prefeitura.sp.gov.br\/index.php\/wp-json\/wp\/v2\/pages\/2615\/revisions\/3044"}],"wp:attachment":[{"href":"https:\/\/csmb.prefeitura.sp.gov.br\/index.php\/wp-json\/wp\/v2\/media?parent=2615"}],"curies":[{"name":"wp","href":"https:\/\/api.w.org\/{rel}","templated":true}]}}