{"id":2284,"date":"2021-08-13T13:27:09","date_gmt":"2021-08-13T16:27:09","guid":{"rendered":"https:\/\/csmb.prefeitura.sp.gov.br\/?page_id=2284"},"modified":"2021-08-13T13:57:32","modified_gmt":"2021-08-13T16:57:32","slug":"t-u-v-w-x-y-z","status":"publish","type":"page","link":"https:\/\/csmb.prefeitura.sp.gov.br\/index.php\/t-u-v-w-x-y-z\/","title":{"rendered":"De T a Z"},"content":{"rendered":"\n<table id=\"tablepress-41\" class=\"tablepress tablepress-id-41\">\n<tbody class=\"row-striping row-hover\">\n<tr class=\"row-1\">\n\t<td class=\"column-1\"><b>Telma Aparecida Tupy de Godoy<\/b> - Biblioteca Infanto-Juvenil do Campo Limpo<br \/>\natual<a href=\"https:\/\/www.prefeitura.sp.gov.br\/cidade\/secretarias\/cultura\/bibliotecas\/bibliotecas_bairro\/bibliotecas_m_z\/marcosrey\/index.php?p=5437\" rel=\"noopener noreferrer\" target=\"_blank\"> Biblioteca P\u00fablica Municipal Marcos Rey<\/a><\/td>\n<\/tr>\n<tr class=\"row-2\">\n\t<td class=\"column-1\"><b>Teresa Cristina Brand\u00e3o Cesar<\/b> - Biblioteca Infantil do Bairro Sciliano<br \/>\natual<a href=\"https:\/\/www.prefeitura.sp.gov.br\/cidade\/secretarias\/cultura\/bibliotecas\/bibliotecas_bairro\/bibliotecas_a_l\/claricelispector\/index.php?p=5149\" rel=\"noopener noreferrer\" target=\"_blank\"> Biblioteca P\u00fablica Municipal Clarice Lispector<\/a><\/td>\n<\/tr>\n<tr class=\"row-3\">\n\t<td class=\"column-1\"><b>Tereza Cristina Schiavon Garbelotto<\/b> - Biblioteca Infantil Vila Formosa<br \/>\natual<a href=\"https:\/\/www.prefeitura.sp.gov.br\/cidade\/secretarias\/cultura\/bibliotecas\/bibliotecas_bairro\/bibliotecas_m_z\/paulosetubal\/index.php?p=5027\" rel=\"noopener noreferrer\" target=\"_blank\">Biblioteca P\u00fablica Municipal Paulo Set\u00fabal<\/a><br \/>\n<\/td>\n<\/tr>\n<tr class=\"row-4\">\n\t<td class=\"column-1\"><b>Teresa Kazue Tatei<\/b> - Biblioteca Infantil de Guaianazes\t<br \/>\natual<a href=\"https:\/\/www.prefeitura.sp.gov.br\/cidade\/secretarias\/cultura\/bibliotecas\/bibliotecas_bairro\/bibliotecas_a_l\/coracoralina\/index.php?p=4236\" rel=\"noopener noreferrer\" target=\"_blank\"> Biblioteca P\u00fablica Municipal Cora Coralina <\/a><\/td>\n<\/tr>\n<tr class=\"row-5\">\n\t<td class=\"column-1\"><b>Teresinha Arauj<\/b> - Biblioteca Infanto-Juvenil do Campo Limpo<br \/>\natual<a href=\"https:\/\/www.prefeitura.sp.gov.br\/cidade\/secretarias\/cultura\/bibliotecas\/bibliotecas_bairro\/bibliotecas_m_z\/marcosrey\/index.php?p=5437\" rel=\"noopener noreferrer\" target=\"_blank\"> Biblioteca P\u00fablica Municipal Marcos Rey <\/a><\/td>\n<\/tr>\n<tr class=\"row-6\">\n\t<td class=\"column-1\"><b>Tereza Cristina Schiavon Garbelotto<\/b> - Biblioteca Infantil de Vila Prudente<br \/>\natual<a href=\"https:\/\/www.prefeitura.sp.gov.br\/cidade\/secretarias\/cultura\/bibliotecas\/bibliotecas_bairro\/bibliotecas_m_z\/ricardoramos\/index.php?p=5476\" rel=\"noopener noreferrer\" target=\"_blank\"> Biblioteca P\u00fablica Municipal Ricardo Ramos <\/a><\/td>\n<\/tr>\n<tr class=\"row-7\">\n\t<td class=\"column-1\"><b>Terezinha Aparecida Miranda dos Santos<\/b> - Biblioteca Infanto-Juvenil Penha de Fran\u00e7a<br \/>\natual<a href=\"https:\/\/www.prefeitura.sp.gov.br\/cidade\/secretarias\/cultura\/bibliotecas\/bibliotecas_bairro\/bibliotecas_a_l\/josepaulopaes\/index.php?p=160\" rel=\"noopener noreferrer\" target=\"_blank\"> Biblioteca P\u00fablica Municipal Jos\u00e9 Paulo Paes <\/a><\/td>\n<\/tr>\n<tr class=\"row-8\">\n\t<td class=\"column-1\"><b>Terezinha C\u00e9lia Pirozzi<\/b> - Biblioteca Infanto-Juvenil Camila Cerqueira C\u00e9sar<br \/>\natual<a href=\"https:\/\/www.prefeitura.sp.gov.br\/cidade\/secretarias\/cultura\/bibliotecas\/bibliotecas_bairro\/bibliotecas_a_l\/camilacerqueiracesar\/index.php?p=127\" rel=\"noopener noreferrer\" target=\"_blank\"> Biblioteca P\u00fablica Municipal Camila Cerqueira C\u00e9sar <\/a><\/td>\n<\/tr>\n<tr class=\"row-9\">\n\t<td class=\"column-1\"><b>Terezinha C\u00e9lia Salles Pereira <\/b> - Biblioteca Infantil de Vila Maria<br \/>\natual<a href=\"https:\/\/www.prefeitura.sp.gov.br\/cidade\/secretarias\/cultura\/bibliotecas\/bibliotecas_bairro\/bibliotecas_a_l\/alvaresdeazevedo\/index.php?p=3840\" rel=\"noopener noreferrer\" target=\"_blank\">  Biblioteca P\u00fablica Municipal \u00c1lvares de Azevedo <\/a><\/td>\n<\/tr>\n<tr class=\"row-10\">\n\t<td class=\"column-1\"><b>Terezinha Igracy Nunes Ribeiro<\/b> - Biblioteca Infantil de Vila Mariana\t<br \/>\natual<a href=\"https:\/\/www.prefeitura.sp.gov.br\/cidade\/secretarias\/cultura\/bibliotecas\/bibliotecas_bairro\/bibliotecas_m_z\/viriatocorrea\/index.php?p=3759\" rel=\"noopener noreferrer\" target=\"_blank\"> Biblioteca P\u00fablica Municipal Viriato Corr\u00eaa  <\/a><br \/>\nBiblioteca Infanto-Juvenil Penha de Fran\u00e7a<br \/>\natual<a href=\"https:\/\/www.prefeitura.sp.gov.br\/cidade\/secretarias\/cultura\/bibliotecas\/bibliotecas_bairro\/bibliotecas_a_l\/josepaulopaes\/index.php?p=160\" rel=\"noopener noreferrer\" target=\"_blank\"> Biblioteca P\u00fablica Municipal Jos\u00e9 Paulo Paes <\/a><br \/>\nBiblioteca Infantil Benedito Bastos Barreto<br \/>\natual<a href=\"https:\/\/www.prefeitura.sp.gov.br\/cidade\/secretarias\/cultura\/bibliotecas\/biblioteca_belmonte\/historico\/index.php?p=4682\" rel=\"noopener noreferrer\" target=\"_blank\"> Biblioteca P\u00fablica Municipal Belmonte\t<\/a><\/td>\n<\/tr>\n<tr class=\"row-11\">\n\t<td class=\"column-1\"><b>Terezinha Maria Chaves de Carvalho Polimeno<\/b> - Biblioteca Infantil de Santo Amaro<br \/>\natual<a href=\"https:\/\/www.prefeitura.sp.gov.br\/cidade\/secretarias\/cultura\/bibliotecas\/biblioteca_belmonte\/historico\/index.php?p=4682\" rel=\"noopener noreferrer\" target=\"_blank\"> Biblioteca P\u00fablica Municipal Belmonte\t<\/a><\/td>\n<\/tr>\n<tr class=\"row-12\">\n\t<td class=\"column-1\"><b>Terezinha Pirozzi<\/b> - Biblioteca Infanto-Juvenil Castro Alves<br \/>\natual<a href=\"https:\/\/www.prefeitura.sp.gov.br\/cidade\/secretarias\/cultura\/bibliotecas\/bibliotecas_bairro\/bibliotecas_a_l\/castroalves\/index.php?p=5424\" rel=\"noopener noreferrer\" target=\"_blank\"> Biblioteca P\u00fablica Municipal Castro Alves <\/a><br \/>\nBiblioteca Infantil do Itaim<br \/>\natual<a href=\"https:\/\/www.prefeitura.sp.gov.br\/cidade\/secretarias\/cultura\/bibliotecas\/bibliotecas_bairro\/bibliotecas_a_l\/annefrank\/index.php?p=104\" rel=\"noopener noreferrer\" target=\"_blank\"> Biblioteca P\u00fablica Municipal Anne Frank <\/a><\/td>\n<\/tr>\n<tr class=\"row-13\">\n\t<td class=\"column-1\"><b>Thereza de Jesus Ferrarias<\/b> - Biblioteca Infantil de Vila Mariana<br \/>\natual<a href=\"https:\/\/www.prefeitura.sp.gov.br\/cidade\/secretarias\/cultura\/bibliotecas\/bibliotecas_bairro\/bibliotecas_m_z\/viriatocorrea\/index.php?p=3759\" rel=\"noopener noreferrer\" target=\"_blank\"> Biblioteca P\u00fablica Municipal Viriato Corr\u00eaa<\/a><\/td>\n<\/tr>\n<tr class=\"row-14\">\n\t<td class=\"column-1\"><b>Therezinha Dacize Siqueira<\/b> - Biblioteca Infanto-Juvenil de Vila Manchester<br \/>\natual<a href=\"https:\/\/www.prefeitura.sp.gov.br\/cidade\/secretarias\/cultura\/bibliotecas\/bibliotecas_bairro\/bibliotecas_a_l\/lenirafraccaroli\/index.php?p=5141\" rel=\"noopener noreferrer\" target=\"_blank\"> Biblioteca P\u00fablica Municipal Lenyra Fraccaroli <\/a><\/td>\n<\/tr>\n<tr class=\"row-15\">\n\t<td class=\"column-1\"><b>Therezinha Maria Chaves C. Polimetro<\/b> - Biblioteca Infantil do Bairro Sciliano<br \/>\natual<a href=\"https:\/\/www.prefeitura.sp.gov.br\/cidade\/secretarias\/cultura\/bibliotecas\/bibliotecas_bairro\/bibliotecas_a_l\/claricelispector\/index.php?p=5149\" rel=\"noopener noreferrer\" target=\"_blank\"> Biblioteca P\u00fablica Municipal Clarice Lispector\t<\/a><\/td>\n<\/tr>\n<tr class=\"row-16\">\n\t<td class=\"column-1\"><b>Thetis Sim\u00f5es de Oliveira Ferraz<\/b> - Biblioteca Infantil do Bairro Sciliano<br \/>\natual<a href=\"https:\/\/www.prefeitura.sp.gov.br\/cidade\/secretarias\/cultura\/bibliotecas\/bibliotecas_bairro\/bibliotecas_a_l\/claricelispector\/index.php?p=5149\" rel=\"noopener noreferrer\" target=\"_blank\"> Biblioteca P\u00fablica Municipal Clarice Lispector <\/a><\/td>\n<\/tr>\n<tr class=\"row-17\">\n\t<td class=\"column-1\"><b>Tita Norma Miki<\/b> - Biblioteca Vila Mariana II<br \/>\natual<a href=\"https:\/\/www.prefeitura.sp.gov.br\/cidade\/secretarias\/cultura\/bibliotecas\/bibliotecas_bairro\/bibliotecas_m_z\/zalinarolim\/index.php?p=5495\" rel=\"noopener noreferrer\" target=\"_blank\"> Espa\u00e7o de Leitura Zalina Rolim <\/a><\/td>\n<\/tr>\n<tr class=\"row-18\">\n\t<td class=\"column-1\"><b>Tomiko Kuiama<\/b> - Biblioteca Infanto-Juvenil de Itaquera<br \/>\natual<a href=\"https:\/\/www.prefeitura.sp.gov.br\/cidade\/secretarias\/cultura\/bibliotecas\/bibliotecas_bairro\/bibliotecas_a_l\/jovinapessoa\/index.php?p=5434\" rel=\"noopener noreferrer\" target=\"_blank\"> Biblioteca P\u00fablica Municipal Jovina Rocha \u00c1lvares Pessoa <\/a><\/td>\n<\/tr>\n<tr class=\"row-19\">\n\t<td class=\"column-1\"><b>Val\u00e9ria Ferreira de Oliveira<\/b> - Biblioteca Infantil do Itaim<br \/>\natual<a href=\"https:\/\/www.prefeitura.sp.gov.br\/cidade\/secretarias\/cultura\/bibliotecas\/bibliotecas_bairro\/bibliotecas_a_l\/annefrank\/index.php?p=104\" rel=\"noopener noreferrer\" target=\"_blank\"> Biblioteca P\u00fablica Municipal Anne Frank <\/a><\/td>\n<\/tr>\n<tr class=\"row-20\">\n\t<td class=\"column-1\"><b>V\u00e2nia Aparecida Andrade e Silva<\/b> - Biblioteca Infanto-Juvenil Penha de Fran\u00e7a<br \/>\natual<a href=\"https:\/\/www.prefeitura.sp.gov.br\/cidade\/secretarias\/cultura\/bibliotecas\/bibliotecas_bairro\/bibliotecas_a_l\/josepaulopaes\/index.php?p=160\" rel=\"noopener noreferrer\" target=\"_blank\"> Biblioteca P\u00fablica Municipal Jos\u00e9 Paulo Paes <\/a><\/td>\n<\/tr>\n<tr class=\"row-21\">\n\t<td class=\"column-1\"><b>Vania Cimini Assaf <\/b> - Biblioteca Infantil do Itaim<br \/>\natual<a href=\"https:\/\/www.prefeitura.sp.gov.br\/cidade\/secretarias\/cultura\/bibliotecas\/bibliotecas_bairro\/bibliotecas_a_l\/annefrank\/index.php?p=104\" rel=\"noopener noreferrer\" target=\"_blank\"> Biblioteca P\u00fablica Municipal Anne Frank<\/a><br \/>\nBiblioteca Infantil Oph\u00e9lia Fran\u00e7a<br \/>\natual<a href=\"https:\/\/www.prefeitura.sp.gov.br\/cidade\/secretarias\/cultura\/bibliotecas\/bibliotecas_bairro\/bibliotecas_m_z\/raulbopp\/index.php?p=4476\" rel=\"noopener noreferrer\" target=\"_blank\"> Biblioteca P\u00fablica Municipal Raul Bopp <\/a><\/td>\n<\/tr>\n<tr class=\"row-22\">\n\t<td class=\"column-1\"><b>V\u00e2nia Jos\u00e9 Domingos <\/b> - V\u00e2nia Jos\u00e9 Domingos <br \/>\natual<a href=\"https:\/\/www.prefeitura.sp.gov.br\/cidade\/secretarias\/cultura\/bibliotecas\/bibliotecas_bairro\/bibliotecas_a_l\/alvaresdeazevedo\/index.php?p=3840\" rel=\"noopener noreferrer\" target=\"_blank\"> Biblioteca P\u00fablica Municipal \u00c1lvares de Azevedo <\/a><br \/>\nBiblioteca Infanto-Juvenil Sra Leandro Dupr\u00e9<br \/>\natual<a href=\"https:\/\/www.prefeitura.sp.gov.br\/cidade\/secretarias\/cultura\/bibliotecas\/bibliotecas_bairro\/bibliotecas_a_l\/josepaulopaes\/index.php?p=160\" rel=\"noopener noreferrer\" target=\"_blank\"> Biblioteca P\u00fablica Municipal Jos\u00e9 Paulo Paes\t<\/a><\/td>\n<\/tr>\n<tr class=\"row-23\">\n\t<td class=\"column-1\"><b>Vera Janela <\/b> - Biblioteca Infanto-Juvenil Penha de Fran\u00e7a<br \/>\natual<a href=\"https:\/\/www.prefeitura.sp.gov.br\/cidade\/secretarias\/cultura\/bibliotecas\/bibliotecas_bairro\/bibliotecas_a_l\/josepaulopaes\/index.php?p=160\" rel=\"noopener noreferrer\" target=\"_blank\"> Biblioteca P\u00fablica Municipal Jos\u00e9 Paulo Paes <\/a><br \/>\nBiblioteca Infantil do Itaim<br \/>\natual<a href=\"https:\/\/www.prefeitura.sp.gov.br\/cidade\/secretarias\/cultura\/bibliotecas\/bibliotecas_bairro\/bibliotecas_a_l\/annefrank\/index.php?p=104\" rel=\"noopener noreferrer\" target=\"_blank\"> Biblioteca P\u00fablica Municipal Anne Frank  <\/a><\/td>\n<\/tr>\n<tr class=\"row-24\">\n\t<td class=\"column-1\"><b>Vera Maria Brand\u00e3o Paiva<\/b> - Biblioteca Infanto-Juvenil de Vila Formosa\t<br \/>\natual<a href=\"https:\/\/www.prefeitura.sp.gov.br\/cidade\/secretarias\/cultura\/bibliotecas\/bibliotecas_bairro\/bibliotecas_m_z\/paulosetubal\/index.php?p=5027\" rel=\"noopener noreferrer\" target=\"_blank\"> Biblioteca P\u00fablica Municipal Paulo Set\u00fabal <\/a><\/td>\n<\/tr>\n<tr class=\"row-25\">\n\t<td class=\"column-1\"><b>Walflor Kocin <\/b>- Biblioteca Infantil de Pirituba<br \/>\n<a href=\"https:\/\/www.prefeitura.sp.gov.br\/cidade\/secretarias\/cultura\/bibliotecas\/bibliotecas_bairro\/bibliotecas_a_l\/britobroca\/index.php?p=5423\" rel=\"noopener noreferrer\" target=\"_blank\">Biblioteca P\u00fablica Municipal Brito Broca <\/a><br \/>\nBiblioteca Municipal do Distrito de Perus<br \/>\natual<a href=\"https:\/\/www.prefeitura.sp.gov.br\/cidade\/secretarias\/cultura\/bibliotecas\/bibliotecas_bairro\/bibliotecas_m_z\/padrejosedeanchieta\/index.php?p=4943\" rel=\"noopener noreferrer\" target=\"_blank\"> Biblioteca P\u00fablica Municipal Padre Jos\u00e9 de Anchieta <\/a><br \/>\n<\/td>\n<\/tr>\n<tr class=\"row-26\">\n\t<td class=\"column-1\"><b>Wanda Walkiria F. Falleiros<\/b> - Biblioteca Infantil de Vila Prudente<br \/>\natual<a href=\"https:\/\/www.prefeitura.sp.gov.br\/cidade\/secretarias\/cultura\/bibliotecas\/bibliotecas_bairro\/bibliotecas_m_z\/ricardoramos\/index.php?p=5476\" rel=\"noopener noreferrer\" target=\"_blank\"> Biblioteca P\u00fablica Municipal Ricardo Ramo <\/a><\/td>\n<\/tr>\n<tr class=\"row-27\">\n\t<td class=\"column-1\"><b>Wilma Afonso Bellagente<\/b> - Biblioteca Tatuap\u00e9 II <br \/>\natual<a href=\"https:\/\/www.prefeitura.sp.gov.br\/cidade\/secretarias\/cultura\/bibliotecas\/bibliotecas_bairro\/bibliotecas_m_z\/arnaldogiacomo\/index.php?p=5443\" rel=\"noopener noreferrer\" target=\"_blank\"> Biblioteca P\u00fablica Municipal Professor Arnaldo Magalh\u00e3es Gi\u00e1como <\/a><\/td>\n<\/tr>\n<tr class=\"row-28\">\n\t<td class=\"column-1\"><b>Yara Cretella Strauss <\/b>- Biblioteca Infantil Pirituba <br \/>\n<a href=\"https:\/\/www.prefeitura.sp.gov.br\/cidade\/secretarias\/cultura\/bibliotecas\/bibliotecas_bairro\/bibliotecas_a_l\/britobroca\/index.php?p=5423\" rel=\"noopener noreferrer\" target=\"_blank\"> Biblioteca P\u00fablica Municipal Brito Broca  <\/a><br \/>\n<\/td>\n<\/tr>\n<tr class=\"row-29\">\n\t<td class=\"column-1\"><b>Refer\u00eancia bibliogr\u00e1fica:<\/b><br \/>\n<br \/>\nS\u00c3O PAULO(cidade). T\u00edtulos de nomea\u00e7\u00e3o expedidos. Di\u00e1rio Oficial do Munic\u00edpio: Administra\u00e7\u00e3o, S\u00e3o Paulo, ano XXVI, n\u00ba 71, p.15. 14 abr. 1981.Dispon\u00edvel em:  <a href=\"https:\/\/bit.ly\/3DHI1GF\" rel=\"noopener noreferrer\" target=\"_blank\">. Acesso: 16 ago. 2021.<\/a><br \/>\n______. T\u00edtulos de nomea\u00e7\u00e3o expedidos. Di\u00e1rio Oficial do Munic\u00edpio: Administra\u00e7\u00e3o, S\u00e3o Paulo, ano XXVI, n\u00ba 89, p.5, 15 maio 1981. Dispon\u00edvel em: <a href=\"https:\/\/bit.ly\/3tbpAW7\" rel=\"noopener noreferrer\" target=\"_blank\">. Acesso: 16 ago. 2021.<\/a><br \/>\n______. T\u00edtulos de nomea\u00e7\u00e3o expedidos. Di\u00e1rio Oficial do Munic\u00edpio: Administra\u00e7\u00e3o, S\u00e3o Paulo, ano XXVI, n\u00ba 222, p.5, 24 nov.1981. Dispon\u00edvel em: <a href=\"https:\/\/bit.ly\/3teVz7y\" rel=\"noopener noreferrer\" target=\"_blank\">. Acesso: 16 ago. 2021.<\/a><br \/>\n______. SECRET\u00c1RIA MUNICIPAL DE CULTURA. DEPARTAMENTO DE BIBLIOTECAS INFANTO-JUVENIS. As 5 primeiras bibliotecas de bairro: d\u00e9cadas de 40 e 50.S\u00e3o Paulo, 1999.(Projeto Mem\u00f3ria do Departamento de Bibliotecas Infanto Juvenis, v.1).<br \/>\n______. SECRET\u00c1RIA MUNICIPAL DE CULTURA. DEPARTAMENTO DE BIBLIOTECAS INFANTO-JUVENIS. As bibliotecas - padr\u00e3o 7 de setembro de 1956 .S\u00e3o Paulo, 1999.(Projeto Mem\u00f3ria do Departamento de Bibliotecas Infanto Juvenis, v.2).<br \/>\n<\/td>\n<\/tr>\n<\/tbody>\n<\/table>\n<!-- #tablepress-41 from cache -->\n","protected":false},"excerpt":{"rendered":"","protected":false},"author":2,"featured_media":0,"parent":0,"menu_order":0,"comment_status":"closed","ping_status":"closed","template":"","meta":{"footnotes":""},"class_list":["post-2284","page","type-page","status-publish","hentry"],"_links":{"self":[{"href":"https:\/\/csmb.prefeitura.sp.gov.br\/index.php\/wp-json\/wp\/v2\/pages\/2284","targetHints":{"allow":["GET"]}}],"collection":[{"href":"https:\/\/csmb.prefeitura.sp.gov.br\/index.php\/wp-json\/wp\/v2\/pages"}],"about":[{"href":"https:\/\/csmb.prefeitura.sp.gov.br\/index.php\/wp-json\/wp\/v2\/types\/page"}],"author":[{"embeddable":true,"href":"https:\/\/csmb.prefeitura.sp.gov.br\/index.php\/wp-json\/wp\/v2\/users\/2"}],"replies":[{"embeddable":true,"href":"https:\/\/csmb.prefeitura.sp.gov.br\/index.php\/wp-json\/wp\/v2\/comments?post=2284"}],"version-history":[{"count":0,"href":"https:\/\/csmb.prefeitura.sp.gov.br\/index.php\/wp-json\/wp\/v2\/pages\/2284\/revisions"}],"wp:attachment":[{"href":"https:\/\/csmb.prefeitura.sp.gov.br\/index.php\/wp-json\/wp\/v2\/media?parent=2284"}],"curies":[{"name":"wp","href":"https:\/\/api.w.org\/{rel}","templated":true}]}}