  
{"id":2166,"date":"2021-07-12T11:27:42","date_gmt":"2021-07-12T14:27:42","guid":{"rendered":"https:\/\/csmb.prefeitura.sp.gov.br\/?page_id=2166"},"modified":"2021-09-02T14:47:04","modified_gmt":"2021-09-02T17:47:04","slug":"fontes-consultadas","status":"publish","type":"page","link":"https:\/\/csmb.prefeitura.sp.gov.br\/index.php\/fontes-consultadas\/","title":{"rendered":"Fontes consultadas"},"content":{"rendered":"<p>ABREU, Ivanir Reis Neves. Conv\u00eanio Escolar: utopia constru\u00edda. 2007. Disserta\u00e7\u00e3o (Mestrado em Arquitetura e Urbanismo). &#8211; Faculdade de Arquitetura e Urbanismo, Universidade de S\u00e3o Paulo, S\u00e3o Paulo. 2007. Dispon\u00edvel em: &lt; <a href=\"https:\/\/teses.usp.br\/teses\/disponiveis\/16\/16138\/tde-13052010-152451\/pt-br.php\">https:\/\/teses.usp.br\/teses\/disponiveis\/16\/16138\/tde-13052010-152451\/pt-br.php<\/a>&gt;<\/p>\n<p>ANDRADE, M\u00e1rio de; CALIL, Carlos Augusto; PENTEADO, Fl\u00e1vio Rodrigo. <a href=\"http:\/\/bibliotecacircula.prefeitura.sp.gov.br\/pesquisa\/resultado.jsf;jsessionid=1B4EA3324426F427D2F1B4D2BC8E10C3\">Me esqueci completamente de mim, sou um departamento de cultura<\/a>. S\u00e3o Paulo (SP): Imprensa Oficial do Estado; Secretaria Municipal de Cultura, 2015. 334 p.<\/p>\n<p>ABDANUR, Elizabeth Fran\u00e7a. Os \u201cilustrados\u201d e a pol\u00edtica cultural em S\u00e3o Paulo: o Departamento de Cultura na gest\u00e3o M\u00e1rio de Andrade (1935-1938). 1992. Disserta\u00e7\u00e3o (Mestrado em Hist\u00f3ria). \u2013 Instituto de Filosofia e Ci\u00eancias Humanas, Universidade Estadual de Campinas, Campinas, 1992. Dispon\u00edvel em:<a href=\"http:\/\/repositorio.unicamp.br\/jspui\/handle\/REPOSIP\/278642\">http:\/\/repositorio.unicamp.br\/jspui\/handle\/REPOSIP\/278642<\/a><\/p>\n<p>ASSIS, Leonardo da Silva de. Bibliotecas P\u00fablicas e Pol\u00edticas Culturais: a Divis\u00e3o de Bibliotecas do Departamento de Cultura e Recrea\u00e7\u00e3o da Prefeitura de S\u00e3o Paulo (1935). 2013. Disserta\u00e7\u00e3o (Mestrado em Ci\u00eancia da Informa\u00e7\u00e3o). &#8211; Escola de Comunica\u00e7\u00f5es e Artes, Universidade de S\u00e3o Paulo, S\u00e3o Paulo, 2013. Dispon\u00edvel em:\u00a0<a href=\"https:\/\/www.teses.usp.br\/teses\/disponiveis\/27\/27151\/tde-28012014-121948\/pt-br.php\">https:\/\/www.teses.usp.br\/teses\/disponiveis\/27\/27151\/tde-28012014-121948\/pt-br.php<\/a><\/p>\n<p>BIBLIOTECAS P\u00daBLICAS: a\u00e7\u00f5es, processos e perspectivas. S\u00e3o Paulo (SP): Coordenadoria do Sistema Municipal de Bibliotecas, 2012. 69 p. Dispon\u00edvel em:\u00a0<a href=\"http:\/\/www.prefeitura.sp.gov.br\/cidade\/upload\/Publicacao+CSMB+2012__1357234842.pdf\">http:\/\/www.prefeitura.sp.gov.br\/cidade\/upload\/Publicacao+CSMB+2012__1357234842.pdf<\/a><\/p>\n<p>CHAUI, Marilena (Entrevista). Biblioteca Mario de Andrade: projeto mem\u00f3ria oral. 2006.<a href=\"https:\/\/www.prefeitura.sp.gov.br\/cidade\/upload\/transcricao_marilena_chaui_1297189488.pdf&gt;\"> https:\/\/www.prefeitura.sp.gov.br\/cidade\/upload\/transcricao_marilena_chaui_1297189488.pdf&gt;<\/a> \u00a0acesso em fevereiro 2021.<\/p>\n<p>FARIA, Ivete Pieruccini. Esta\u00e7\u00e3o Mem\u00f3ria: lembrar como projeto \u2013 contribui\u00e7\u00e3o ao estudo da media\u00e7\u00e3o cultural. Disserta\u00e7\u00e3o (Mestrado) \u2013 Disserta\u00e7\u00e3o (Mestrado) \u2013 Escola de Comunica\u00e7\u00f5es e artes da Universidade de S\u00e3o Paulo, S\u00e3o Paulo, 1999.<\/p>\n<p>FERREIRA, Luzia Aparecida. Pol\u00edticas P\u00fablicas para cultura na cidade de S\u00e3o Paulo: a Secretaria Municipal de Cultura \u2013 teoria e pr\u00e1tica. Tese (Doutorado) \u2013 Escola de Comunica\u00e7\u00f5es e artes da Universidade de S\u00e3o Paulo, S\u00e3o Paulo, 2006. Dispon\u00edvel em:\u00a0<a href=\"https:\/\/teses.usp.br\/teses\/disponiveis\/27\/27134\/tde-28112006-193714\/publico\/tese_lia_completa.pdf&gt;\">https:\/\/teses.usp.br\/teses\/disponiveis\/27\/27134\/tde-28112006-193714\/publico\/tese_lia_completa.pdf&gt;<\/a><\/p>\n<p>GOMES, Denise Pedroso. O Departamento Municipal de Cultura de S\u00e3o Paulo (1935-1938): pol\u00edticas de cria\u00e7\u00e3o de bibliotecas e democratiza\u00e7\u00e3o da leitura. 2008. Disserta\u00e7\u00e3o (Mestrado em Educa\u00e7\u00e3o: hist\u00f3ria, pol\u00edtica, sociedade). \u2013 Pontif\u00edcia Universidade Cat\u00f3lica de S\u00e3o Paulo, S\u00e3o Paulo, 2008. Dispon\u00edvel em:<a href=\"https:\/\/tede2.pucsp.br\/handle\/handle\/10661\">https:\/\/tede2.pucsp.br\/handle\/handle\/10661<\/a><\/p>\n<p>Lemos, Charlene Kathlen de. Bibliotecas dos Centros Educacionais Unificados (CEUs) : a constru\u00e7\u00e3o de uma cultura comum. Disserta\u00e7\u00e3o (Mestrado) \u2013 Escola de Comunica\u00e7\u00e3o e Artes da Universidade de S\u00e3o Paulo, S\u00e3o Paulo, 2012. Dispon\u00edvel em:\u00a0<a href=\"https:\/\/teses.usp.br\/teses\/disponiveis\/27\/27151\/tde-10012013-184342\/pt-br.php&gt;\">https:\/\/teses.usp.br\/teses\/disponiveis\/27\/27151\/tde-10012013-184342\/pt-br.php&gt;<\/a><\/p>\n<p>As livrarias circulantes fazem parte do programa da biblioteca municipal (entrevista com Dr. Eurico de G\u00f3es) in: Jornal do Estado, S\u00e3o Paulo, Ano 1, No. 51, 4 de mar\u00e7o de 1933. Dispon\u00edvel em:\u00a0<a href=\"https:\/\/www.imprensaoficial.com.br\/DO\/BuscaDO2001Documento_11_4.aspx\" target=\"_blank\" rel=\"noopener noreferrer\">https:\/\/www.imprensaoficial.com.br\/DO\/BuscaDO2001Documento_11_4.aspx<\/a><\/p>\n<p>MACEDO, Neusa Dias de; SILVA, Lucia N. P. da; STOCCO, Maur\u00edcio. Bibliotecas P\u00fablicas Paulistas: an\u00e1lise de um survey. Revista Brasileira de Biblioteconomia e Documenta\u00e7\u00e3o. v. 1, n. 1, p. 104-18, 1999. Dispon\u00edvel em:\u00a0<a href=\"https:\/\/brapci.inf.br\/index.php\/article\/download\/17793\">https:\/\/brapci.inf.br\/index.php\/article\/download\/17793<\/a><\/p>\n<p>MANZONI, Francis Marcio Alves. Passagens da Biblioteca Central ao Centro Cultural S\u00e3o Paulo (1975-1985). 2015. Tese (Doutorado em Hist\u00f3ria). \u2013 Pontif\u00edcia Universidade Cat\u00f3lica, S\u00e3o Paulo, 2015. Dispon\u00edvel em:\u00a0<a href=\"https:\/\/sapientia.pucsp.br\/handle\/handle\/12861\">https:\/\/sapientia.pucsp.br\/handle\/handle\/12861<\/a><\/p>\n<p>MENDES, M\u00f4nica F\u00e1tima Valenzi. Sala de Leitura nas escolas da rede municipal de ensino de S\u00e3o Paulo. 2006. Tese (Doutorado em Educa\u00e7\u00e3o: Hist\u00f3ria, Pol\u00edtica, Sociedade). \u2013 Pontif\u00edcia Universidade Cat\u00f3lica, S\u00e3o Paulo, 2006. Dispon\u00edvel em:\u00a0<a href=\"https:\/\/tede2.pucsp.br\/handle\/handle\/21419\">https:\/\/tede2.pucsp.br\/handle\/handle\/21419<\/a><\/p>\n<p>MENDON\u00c7A, Maria Elizabeth. Programa Escola Biblioteca (PEB): um projeto em andamento no munic\u00edpio de S\u00e3o Paulo. Revista Brasileira de Biblioteconomia e Documenta\u00e7\u00e3o. v. 12, n. 3\/4, p. 239-252, jul.\/dez. 1979. Dispon\u00edvel em:\u00a0<a href=\"https:\/\/brapci.inf.br\/index.php\/article\/download\/18313&gt;\">https:\/\/brapci.inf.br\/index.php\/article\/download\/18313&gt;<\/a><\/p>\n<p>NEGR\u00c3O, May Brooking. Biblioteca P\u00fablica Municipal de S\u00e3o Paulo: da cria\u00e7\u00e3o \u00e0 consolida\u00e7\u00e3o (1926-1951): breve esbo\u00e7o hist\u00f3rico. 1983. Disserta\u00e7\u00e3o (Mestrado em Ci\u00eancias da Comunica\u00e7\u00e3o). \u2013 Escola de Comunica\u00e7\u00f5es e Artes, Universidade de S\u00e3o Paulo, S\u00e3o Paulo, 1983. Dispon\u00edvel em:\u00a0<a href=\"https:\/\/repositorio.usp.br\/item\/000732644\">https:\/\/repositorio.usp.br\/item\/000732644<\/a><\/p>\n<p>NEGR\u00c3O, May Brooking. A evolu\u00e7\u00e3o do Departamento de Bibliotecas P\u00fablicas, 1907-1978. Revista Biblioteconomia, Bras\u00edlia, n.7, v. 2, p. 186-209, jul.\/dez 1979. Dispon\u00edvel em:\u00a0<a href=\"https:\/\/brapci.inf.br\/index.php\/res\/download\/89787\">https:\/\/brapci.inf.br\/index.php\/res\/download\/89787<\/a><\/p>\n<p>PANTALE\u00c3O, Ana Maria et al. Sociedade Amigos da Biblioteca. Revista Brasileira de Biblioteconomia e Documenta\u00e7\u00e3o. v. 21, n. 1\/2, p. 112-117, jan.\/jun. 1988. Dispon\u00edvel em:\u00a0<a href=\"https:\/\/brapci.inf.br\/index.php\/article\/download\/19199\">https:\/\/brapci.inf.br\/index.php\/article\/download\/19199<\/a><\/p>\n<p>PASQUIM, Franciele Ruiz. Lenira Fraccaroli e bibliotecas infantis na hist\u00f3ria da educa\u00e7\u00e3o brasileira. Encontro Estadual de Hist\u00f3ria: hist\u00f3ria por qu\u00ea e para quem, 23, 2016, Assis. Anais do XXIII Encontro Regional de Hist\u00f3ria da ANPUH-SP. S\u00e3o Paulo: ANPUH. v. 1. p. 1-11. Dispon\u00edvel em:\u00a0<a href=\"http:\/\/www.encontro2016.sp.anpuh.org\/resources\/anais\/48\/1462409964_ARQUIVO_2016FRANEEHTextoCompletoEnviado.pdf\">http:\/\/www.encontro2016.sp.anpuh.org\/resources\/anais\/48\/1462409964_ARQUIVO_2016FRANEEHTextoCompletoEnviado.pdf<\/a><\/p>\n<p>PIRES, Daniel Brochado. Espa\u00e7o, pol\u00edticas p\u00fablicas e cultura: a programa\u00e7\u00e3o cultural e a din\u00e2mica territorial do Centro Cultural da Juventude (CCJ) e do Centro Cultural S\u00e3o Paulo (CCSP). Disserta\u00e7\u00e3o (Mestrado) \u2013 Escola de Letras, Filosofia e Ci\u00eancias Humanas da Universidade Federal de S\u00e3o Paulo, Guarulhos, 2015. Dispon\u00edvel em:\u00a0<a href=\"https:\/\/repositorio.unifesp.br\/bitstream\/handle\/11600\/48014\/PIRES%2C%20Daniel.%20ESTADO%2C%20POL%C3%8DTICAS%20P%C3%9ABLICAS%20E%20CULTURA.pdf?sequence=1&amp;isAllowed=y\" target=\"_blank\" rel=\"noopener noreferrer\">https:\/\/repositorio.unifesp.br\/bitstream\/handle<\/a><\/p>\n<p><a href=\"http:\/\/bibliotecacircula.prefeitura.sp.gov.br\/pesquisa\/resultado.jsf\">REIPERT, Hermann Jos\u00e9<\/a>. Hist\u00f3ria da Biblioteca P\u00fablica Municipal M\u00e1rio de Andrade. S\u00e3o Paulo (SP): Secretaria de Educa\u00e7\u00e3o e Cultura, 1972. 72 p.<\/p>\n<p>ROCHA, J. E. S.; WALDMAN, T. C. Pol\u00edticas para Bibliotecas P\u00fablicas: a cidade de S\u00e3o Paulo como foco. Revista Internacional de Debates da Administra\u00e7\u00e3o P\u00fablicas &#8211; RIDAP, [S. l.], v. 5, n. 1, p. 153\u2013176, 2020. Dispon\u00edvel em:\u00a0<a href=\"https:\/\/periodicos.unifesp.br\/index.php\/RIDAP\/article\/view\/12172\">https:\/\/periodicos.unifesp.br\/index.php\/RIDAP\/article\/view\/12172<\/a> \u00a0Acesso em: 28 jun. 2021.<\/p>\n<p>S\u00e3o Paulo (capital). Lei N\u00ba 3097, de 28 de setembro de 1927. Crea, nas sedes das sub-prefeituras, bibliotecas circulantes, destinadas a emprestar livros mediante cau\u00e7\u00e3o a quem deseje instruir-se, e d\u00e1 outras provid\u00eancias. Prefeitura do Munic\u00edpio de S\u00e3o Paulo, 28 de setembro de 1927, 374\u00ba da funda\u00e7\u00e3o de S\u00e3o Paulo. Dispon\u00edvel em:\u00a0<a href=\"https:\/\/leismunicipais.com.br\/a\/sp\/s\/sao-paulo\/lei-ordinaria\/1927\/309\/3097\/lei-ordinaria-n-3097-1927-crea-nas-sedes-das-sub-prefeituras-bibliothecas-circulantes-destinadas-a-emprestar-livros-mediante-caucao-a-quem-deseje-instruir-se-e-da-outras-providencias\">https:\/\/leismunicipais.com.br\/a\/sp\/s\/sao-paulo\/lei-ordinaria\/1927\/309\/3097\/lei-ordinaria-n-3097-1927-crea-nas-sedes-das-sub-prefeituras-bibliothecas-circulantes-destinadas-a-emprestar-livros-mediante-caucao-a-quem-deseje-instruir-se-e-da-outras-providencias<\/a><\/p>\n<p>S\u00e3o Paulo (SP). Archivo da C\u00e2mara Municipal de S\u00e3o Paulo. Ato No. 1, de 12 de Janeiro de 1926 do Sr. Dr. Raphael Archanjo Gurgel, presidente da C\u00e2mara Municipal, sobre o regulamento da Bibliotheca P\u00fablica Municipal. Archivo, 22 de mar\u00e7o de 1926. Dispon\u00edvel em:\u00a0<a href=\"http:\/\/www.saopaulo.sp.leg.br\/iah\/fulltext\/documentoshistoricos\/ATO0001-1926.pdf\">http:\/\/www.saopaulo.sp.leg.br\/iah\/fulltext\/documentoshistoricos\/ATO0001-1926.pdf<\/a><\/p>\n<p>SEPULVEDA, Maria Concei\u00e7\u00e3o A. Democracia Cultural e Bibliotecas P\u00fablicas: gesto mexe com tudo. Revista Polis, S\u00e3o Paulo, No. 28, pp. 49-59, 1997.<\/p>\n<p>SILVA et al. \u201cA biblioteca M\u00e1rio de Andrade e o pensamento de Prestes Maia sobre bibliotecas\u201d. Trabalho apresentado \u00e0 disciplina AUH 0240 &#8211; Hist\u00f3ria da Urbaniza\u00e7\u00e3o e do Urbanismo III, ministrada pelo Professor Renato Cymbalista, 2018. Dispon\u00edvel em:\u00a0<a href=\"https:\/\/edisciplinas.usp.br\/pluginfile.php\/4583182\/mod_folder\/content\/0\/Bibliotecas.docx?forcedownload=1&gt;\">https:\/\/edisciplinas.usp.br\/pluginfile.php\/4583182\/mod_folder\/content\/0\/Bibliotecas.docx?forcedownload=1&gt;<\/a><\/p>\n<p>TAKYIA, Andr\u00e9. Edif 60 anos de arquitetura p\u00fablica. 2009. Disserta\u00e7\u00e3o (Mestrado em Projeto de Arquitetura). \u2013 Faculdade de Arquitetura e Urbanismo, Universidade de S\u00e3o Paulo, S\u00e3o Paulo. 2009. Dispon\u00edvel em: &lt; <a href=\"https:\/\/www.teses.usp.br\/teses\/disponiveis\/16\/16138\/tde-10052010-141328\/pt-br.php\">https:\/\/www.teses.usp.br\/teses\/disponiveis\/16\/16138\/tde-10052010-141328\/pt-br.php<\/a>&gt;<\/p>\n\n\n<p><\/p>\n","protected":false},"excerpt":{"rendered":"<p>ABREU, Ivanir Reis Neves. Conv\u00eanio Escolar: utopia constru\u00edda. 2007. Disserta\u00e7\u00e3o (Mestrado em Arquitetura e Urbanismo). &#8211; Faculdade de Arquitetura e Urbanismo, Universidade de S\u00e3o Paulo, S\u00e3o Paulo. 2007. Dispon\u00edvel em: &lt; https:\/\/teses.usp.br\/teses\/disponiveis\/16\/16138\/tde-13052010-152451\/pt-br.php&gt; ANDRADE, M\u00e1rio de; CALIL, Carlos Augusto; PENTEADO, Fl\u00e1vio Rodrigo. Me esqueci completamente de &hellip; <\/p>\n","protected":false},"author":2,"featured_media":0,"parent":0,"menu_order":0,"comment_status":"closed","ping_status":"closed","template":"","meta":{"footnotes":""},"class_list":["post-2166","page","type-page","status-publish","hentry"],"_links":{"self":[{"href":"https:\/\/csmb.prefeitura.sp.gov.br\/index.php\/wp-json\/wp\/v2\/pages\/2166","targetHints":{"allow":["GET"]}}],"collection":[{"href":"https:\/\/csmb.prefeitura.sp.gov.br\/index.php\/wp-json\/wp\/v2\/pages"}],"about":[{"href":"https:\/\/csmb.prefeitura.sp.gov.br\/index.php\/wp-json\/wp\/v2\/types\/page"}],"author":[{"embeddable":true,"href":"https:\/\/csmb.prefeitura.sp.gov.br\/index.php\/wp-json\/wp\/v2\/users\/2"}],"replies":[{"embeddable":true,"href":"https:\/\/csmb.prefeitura.sp.gov.br\/index.php\/wp-json\/wp\/v2\/comments?post=2166"}],"version-history":[{"count":0,"href":"https:\/\/csmb.prefeitura.sp.gov.br\/index.php\/wp-json\/wp\/v2\/pages\/2166\/revisions"}],"wp:attachment":[{"href":"https:\/\/csmb.prefeitura.sp.gov.br\/index.php\/wp-json\/wp\/v2\/media?parent=2166"}],"curies":[{"name":"wp","href":"https:\/\/api.w.org\/{rel}","templated":true}]}}