{"id":2164,"date":"2021-07-12T11:26:58","date_gmt":"2021-07-12T14:26:58","guid":{"rendered":"https:\/\/csmb.prefeitura.sp.gov.br\/?page_id=2164"},"modified":"2022-01-21T17:02:53","modified_gmt":"2022-01-21T19:02:53","slug":"janela2000","status":"publish","type":"page","link":"https:\/\/csmb.prefeitura.sp.gov.br\/index.php\/janela2000\/","title":{"rendered":"2000"},"content":{"rendered":"<p>Os anos 2000 foram marcados pela integra\u00e7\u00e3o de servi\u00e7os do Departamento de Bibliotecas Infantojuvenis e de Departamento de Bibliotecas P\u00fablicas. A Biblioteca P\u00fablica Milton Santos foi inaugurada em 2001 com acervo adulto, por\u00e9m j\u00e1 com um espa\u00e7o de leitura para crian\u00e7as e jovens.<\/p>\n<p>Em 2002 iniciou-se o processo de estudo e jun\u00e7\u00e3o de algumas bibliotecas infantojuvenis e bibliotecas p\u00fablicas; as Bibliotecas Jos\u00e9 Paulo Paes e Paulo Set\u00fabal de Vila Formosa tiveram seus espa\u00e7os integrados como projeto piloto, favorecendo a integra\u00e7\u00e3o sociocultural entre os diferentes segmentos populacionais nas dezesseis bibliotecas que funcionavam em pr\u00e9dios conjuntos, desenvolvendo um novo paradigma de servi\u00e7o cultural intergeracional. A unifica\u00e7\u00e3o das se\u00e7\u00f5es dos \u00d4nibus-Biblioteca de BIJ e BP tamb\u00e9m se concretizou em 2002 e o servi\u00e7o ficou sob coordena\u00e7\u00e3o da Biblioteca Infantojuvenil Monteiro Lobato.<\/p>\n<p>A implementa\u00e7\u00e3o da descentraliza\u00e7\u00e3o administrativa da Prefeitura e a cria\u00e7\u00e3o das Subprefeituras impactou na estrutura organizacional dos Departamentos de Bibliotecas. Nela, as Subprefeituras passaram a ser respons\u00e1veis diretas pela administra\u00e7\u00e3o das bibliotecas municipais localizadas nos seus limites territoriais, alterando o foco de a\u00e7\u00e3o dos Departamentos para a proposi\u00e7\u00e3o, implementa\u00e7\u00e3o e execu\u00e7\u00e3o das pol\u00edticas de leitura e informa\u00e7\u00e3o.<\/p>\n<p>Em 2003, foram iniciados os estudos da nova proposta de estrutura organizacional dos departamentos para a forma\u00e7\u00e3o do \u201cSistema Municipal de Bibliotecas\u201d. Para suporte desta rede e seus servi\u00e7os, os Departamentos de Bibliotecas contavam com: Divis\u00e3o T\u00e9cnico-Normativa de Desenvolvimento de Acervos e de Tratamento de Acervos, Divis\u00e3o de Documenta\u00e7\u00e3o e Comunica\u00e7\u00e3o (Planejamento), Divis\u00e3o Administrativa, Supervis\u00e3o de Bibliotecas, Setor de Programas e Projetos, e a Biblioteca Monteiro Lobato.<\/p>\n<p>A expans\u00e3o de bibliotecas para as periferias prosseguiu e os Departamentos de Bibliotecas assumiram a atribui\u00e7\u00e3o de supervisionar a implanta\u00e7\u00e3o e funcionamento das Bibliotecas dos Centros Educacionais Unificados, instituindo-se a Coordena\u00e7\u00e3o Geral das Bibliotecas dos CEUs. Eram dezessete novas bibliotecas de car\u00e1ter h\u00edbrido \u2013 p\u00fablicas e escolares. A responsabilidade pelo projeto foi dividida entre as Secretarias Municipais de Educa\u00e7\u00e3o e de Cultura, no entanto, em 2005, o acordo intersecretarial se extingue e as bibliotecas dos CEUs passam a ser geridas exclusivamente pela Secretaria Municipal de Educa\u00e7\u00e3o.<\/p>\n<p>Sob a gest\u00e3o de Carlos Augusto Calil, o decreto n\u00ba 46.434 de 6, de outubro de 2005, criou o Sistema Municipal de Bibliotecas, reunindo as bibliotecas M\u00e1rio de Andrade, Monteiro Lobato, bibliotecas do Centro Cultural S\u00e3o Paulo, bibliotecas dos CEUs, bibliotecas de bairro e tem\u00e1ticas (BIJ e BP). A unifica\u00e7\u00e3o dos Departamentos das Bibliotecas P\u00fablicas e de Bibliotecas Infantojuvenis foi ent\u00e3o concretizada e passaram a compor a Coordenadoria do Sistema Municipal de Bibliotecas (CSMB).<\/p>\n<p>A Biblioteca Infantojuvenil Monteiro Lobato permaneceu em CSMB. Foram criadas ainda Bibliotecas Polos por regi\u00e3o \u2013 equipamentos que funcionavam como coordenadorias para as bibliotecas: \u00c1lvares de Azevedo (norte); Biblioteca Pref. Prestes Maia (Sul); Cassiano Ricardo (Leste), Alceu Amoroso Lima (Oeste). Oito bibliotecas foram transformadas em tem\u00e1ticas, que al\u00e9m do seu acervo geral, receberam acervo especializado: Meio Ambiente (Raul Bopp), Cultura Popular (Belmonte), Arquitetura e Urbanismo (Pref. Prestes Maia), Cinema (Roberto Santos), Contos de Fadas (Hans Christian Andersen), M\u00fasica (Cassiano Ricardo), Ci\u00eancias (M\u00e1rio Schenberg) e Teatro (Anne Frank).<\/p>\n<p>Em 2006, a CSMB, em parceria com as subprefeituras, inova ao propor o projeto Pontos de Leitura, como alternativa \u00e0 constru\u00e7\u00e3o de bibliotecas, com o objetivo de atender regi\u00f5es sem equipamentos culturais de leitura e informa\u00e7\u00e3o.<\/p>\n<p>Em 2007, a Biblioteca Anne Frank deixa de ser especializada em teatro, a Biblioteca Cassiano Ricardo deixa de ser polo e se torna tem\u00e1tica em M\u00fasica, e a Biblioteca Alceu Amoroso Lima tem\u00e1tica em Poesia. A regi\u00e3o leste subdivide-se em Polo Leste I (Adelpha Figueiredo) e Leste II (Cora Coralina). Nesse mesmo ano, as bibliotecas de bairro deixam de ser parcialmente subordinadas \u00e0s subprefeituras e voltam \u00e0 ger\u00eancia plena de CSMB, com exce\u00e7\u00e3o das Bibliotecas Cecilia Meireles e Zalina Rolim, geridas pelas supervis\u00f5es de cultura de suas respectivas subprefeituras.<\/p>\n<p>O sistema de gerenciamento dos acervos das bibliotecas da Secretaria Municipal de Cultura, Dobis Libis, passou por diversas fases at\u00e9 a vers\u00e3o 3.2, onde dezesseis bibliotecas possu\u00edam terminais para consulta com 1.500.000 registros cadastrados. Para que o sistema fosse dispon\u00edvel via Web, foram criados grupos de trabalho para resolver problemas de migra\u00e7\u00e3o, interface, comunica\u00e7\u00e3o e outras decis\u00f5es. Por\u00e9m, no decorrer dessa d\u00e9cada o sistema Dobis Libis foi substitu\u00eddo pelo sistema Alexandria, que em trabalho conjunto com funcion\u00e1rios, acabou por integrar e automatizar todo o acervo das bibliotecas do Sistema Municipal. Esse sistema possibilitou, entre outras fun\u00e7\u00f5es, a pesquisa ao Cat\u00e1logo Online a partir de qualquer dispositivo com acesso \u00e0 Internet.<\/p>\n\n<div id=\"pl-gb2164-6a06b0c3336ef\"  class=\"panel-layout\" ><div id=\"pg-gb2164-6a06b0c3336ef-0\"  class=\"panel-grid panel-no-style\" ><div id=\"pgc-gb2164-6a06b0c3336ef-0-0\"  class=\"panel-grid-cell panel-grid-cell-empty\" ><\/div><div id=\"pgc-gb2164-6a06b0c3336ef-0-1\"  class=\"panel-grid-cell panel-grid-cell-mobile-last\" ><div id=\"panel-gb2164-6a06b0c3336ef-0-1-0\" class=\"so-panel widget widget_sow-image panel-first-child panel-last-child\" data-index=\"0\" ><div\n\t\t\t\n\t\t\tclass=\"so-widget-sow-image so-widget-sow-image-default-8b5b6f678277-2164\"\n\t\t\t\n\t\t>\n<div class=\"sow-image-container\">\n\t\t\t<a href=\"https:\/\/csmb.prefeitura.sp.gov.br\/index.php\/time-line-inicio\/\"\n\t\t\ttarget=\"_blank\" rel=\"noopener noreferrer\" \t\t>\n\t\t\t<img \n\tsrc=\"https:\/\/csmb.prefeitura.sp.gov.br\/wp-content\/uploads\/2021\/07\/BP2000.jpeg\" width=\"578\" height=\"98\" srcset=\"https:\/\/csmb.prefeitura.sp.gov.br\/wp-content\/uploads\/2021\/07\/BP2000.jpeg 578w, https:\/\/csmb.prefeitura.sp.gov.br\/wp-content\/uploads\/2021\/07\/BP2000-300x51.jpeg 300w, https:\/\/csmb.prefeitura.sp.gov.br\/wp-content\/uploads\/2021\/07\/BP2000-354x60.jpeg 354w\" sizes=\"(max-width: 578px) 100vw, 578px\" title=\"Linha do tempo BP2000\" alt=\"\" \t\tclass=\"so-widget-image\"\/>\n\t\t\t<\/a><\/div>\n\n<\/div><\/div><\/div><div id=\"pgc-gb2164-6a06b0c3336ef-0-2\"  class=\"panel-grid-cell panel-grid-cell-empty\" ><\/div><\/div><\/div>","protected":false},"excerpt":{"rendered":"<p>Os anos 2000 foram marcados pela integra\u00e7\u00e3o de servi\u00e7os do Departamento de Bibliotecas Infantojuvenis e de Departamento de Bibliotecas P\u00fablicas. A Biblioteca P\u00fablica Milton Santos foi inaugurada em 2001 com acervo adulto, por\u00e9m j\u00e1 com um espa\u00e7o de leitura para crian\u00e7as e jovens. Em 2002 &hellip; <\/p>\n","protected":false},"author":2,"featured_media":0,"parent":0,"menu_order":0,"comment_status":"closed","ping_status":"closed","template":"","meta":{"footnotes":""},"class_list":["post-2164","page","type-page","status-publish","hentry"],"_links":{"self":[{"href":"https:\/\/csmb.prefeitura.sp.gov.br\/index.php\/wp-json\/wp\/v2\/pages\/2164","targetHints":{"allow":["GET"]}}],"collection":[{"href":"https:\/\/csmb.prefeitura.sp.gov.br\/index.php\/wp-json\/wp\/v2\/pages"}],"about":[{"href":"https:\/\/csmb.prefeitura.sp.gov.br\/index.php\/wp-json\/wp\/v2\/types\/page"}],"author":[{"embeddable":true,"href":"https:\/\/csmb.prefeitura.sp.gov.br\/index.php\/wp-json\/wp\/v2\/users\/2"}],"replies":[{"embeddable":true,"href":"https:\/\/csmb.prefeitura.sp.gov.br\/index.php\/wp-json\/wp\/v2\/comments?post=2164"}],"version-history":[{"count":0,"href":"https:\/\/csmb.prefeitura.sp.gov.br\/index.php\/wp-json\/wp\/v2\/pages\/2164\/revisions"}],"wp:attachment":[{"href":"https:\/\/csmb.prefeitura.sp.gov.br\/index.php\/wp-json\/wp\/v2\/media?parent=2164"}],"curies":[{"name":"wp","href":"https:\/\/api.w.org\/{rel}","templated":true}]}}