  
{"id":2162,"date":"2021-07-12T11:26:15","date_gmt":"2021-07-12T14:26:15","guid":{"rendered":"https:\/\/csmb.prefeitura.sp.gov.br\/?page_id=2162"},"modified":"2022-01-21T16:46:30","modified_gmt":"2022-01-21T18:46:30","slug":"janela1990","status":"publish","type":"page","link":"https:\/\/csmb.prefeitura.sp.gov.br\/index.php\/janela1990\/","title":{"rendered":"1990"},"content":{"rendered":"<p>No in\u00edcio dos anos de 1990, prossegue o processo de expans\u00e3o das bibliotecas, acompanhando o fen\u00f4meno da metropoliza\u00e7\u00e3o paulistana em bairros que n\u00e3o possu\u00edam espa\u00e7o cultural, como o Lim\u00e3o, Vila Curu\u00e7\u00e1 e Parque Edu Chaves.<\/p>\n<p>O Projeto Cidadania Cultural, implementado entre 1989-1992, surge como proposta de Marilena Chau\u00ed, que se inspirou em S\u00e1bato Magaldi ao criar condi\u00e7\u00f5es para que as camadas populares se auto organizassem. Nessa fase, priorizou-se a forma\u00e7\u00e3o e reflex\u00e3o cultural de bibliotec\u00e1rios e funcion\u00e1rios de bibliotecas municipais atrav\u00e9s do \u201cLeitor Infinito\u201d<\/p>\n<p>Bibliotecas Municipais, junto com as Casas de Cultura, foram tomadas como inst\u00e2ncias privilegiadas de a\u00e7\u00e3o no sentido de colocar o direito ao fazer cultural na cena urbana.<\/p>\n<p>Foi realizado um diagn\u00f3stico da situa\u00e7\u00e3o dos pr\u00e9dios e dos funcion\u00e1rios, e posteriormente, com foco centrado nas bibliotecas, implementados cursos, semin\u00e1rios e palestras de aprimoramento desses funcion\u00e1rios para uma nova proposta pol\u00edtica, assim como a atualiza\u00e7\u00e3o dos acervos.<\/p>\n<p>Em sequ\u00eancia emergiram propostas como a da Biblioteca do Cidad\u00e3o, ligada \u00e0 ideia do direito \u00e0 informa\u00e7\u00e3o, e as voltadas para o p\u00fablico infantil, como a inicia\u00e7\u00e3o \u00e0 leitura, desenvolvimento da imagina\u00e7\u00e3o e desejo de pesquisa.<\/p>\n<p>Projetos de aproxima\u00e7\u00e3o da biblioteca com a comunidade tamb\u00e9m ganharam \u00eanfase, como o da Caixa Estante, Feira de Troca de Livros Escolares, \u00d4nibus-Biblioteca, Mediadores de Leitura, Contadores de Hist\u00f3ria, Gostar de Ler e outros.<\/p>\n<p>O Projeto Cidadania Cultural foi considerado a ideia mais alargada de pol\u00edtica p\u00fablica para bibliotecas no Brasil. Essa proposta privilegiou a biblioteca como espa\u00e7o de leitura, n\u00e3o excluindo outras atividades culturais, mas as abrigando como a\u00e7\u00f5es complementares \u00e0 leitura.<\/p>\n<p>A partir de 1995, as bibliotecas p\u00fablicas receberam a transfer\u00eancia de funcion\u00e1rios da Secretaria de Sa\u00fade que n\u00e3o aderiram ao PAS \u2013 Plano de Assist\u00eancia \u00e0 Sa\u00fade, e cuja forma\u00e7\u00e3o para servi\u00e7os era distinta dos servi\u00e7os prestados nas bibliotecas.<\/p>\n<p>No Balan\u00e7o de Gest\u00e3o da PMSP de 2000, est\u00e3o listadas as atividades realizadas pelos equipamentos dos Departamentos de Bibliotecas P\u00fablicas e de Bibliotecas Infantojuvenis no atendimento \u00e0s periferias, como matr\u00edculas e aquisi\u00e7\u00e3o de acervo, cursos (Primeiros Passos; Literatura e Cria\u00e7\u00e3o Liter\u00e1ria), programas (Vis\u00e3o Jovem; O Escritor nas Bibliotecas; \u00d4nibus-Biblioteca; Caixa-Estante), e projetos (Esta\u00e7\u00e3o Mem\u00f3ria).<\/p>\n\n<div id=\"pl-gb2162-69e37fe76089c\"  class=\"panel-layout\" ><div id=\"pg-gb2162-69e37fe76089c-0\"  class=\"panel-grid panel-no-style\" ><div id=\"pgc-gb2162-69e37fe76089c-0-0\"  class=\"panel-grid-cell\" ><div id=\"panel-gb2162-69e37fe76089c-0-0-0\" class=\"so-panel widget widget_sow-image panel-first-child panel-last-child\" data-index=\"0\" ><div\n\t\t\t\n\t\t\tclass=\"so-widget-sow-image so-widget-sow-image-default-8b5b6f678277-2162\"\n\t\t\t\n\t\t>\n<div class=\"sow-image-container\">\n\t\t\t<a href=\"https:\/\/csmb.prefeitura.sp.gov.br\/index.php\/linha-do-tempo-biblioteca-infanto-juvenil-ramais\/\"\n\t\t\ttarget=\"_blank\" rel=\"noopener noreferrer\" \t\t>\n\t\t\t<img \n\tsrc=\"https:\/\/csmb.prefeitura.sp.gov.br\/wp-content\/uploads\/2021\/07\/BIJ1990.jpeg\" width=\"575\" height=\"96\" srcset=\"https:\/\/csmb.prefeitura.sp.gov.br\/wp-content\/uploads\/2021\/07\/BIJ1990.jpeg 575w, https:\/\/csmb.prefeitura.sp.gov.br\/wp-content\/uploads\/2021\/07\/BIJ1990-300x50.jpeg 300w, https:\/\/csmb.prefeitura.sp.gov.br\/wp-content\/uploads\/2021\/07\/BIJ1990-359x60.jpeg 359w\" sizes=\"(max-width: 575px) 100vw, 575px\" title=\"Linha do tempo BIJ1990\" alt=\"\" \t\tclass=\"so-widget-image\"\/>\n\t\t\t<\/a><\/div>\n\n<\/div><\/div><\/div><div id=\"pgc-gb2162-69e37fe76089c-0-1\"  class=\"panel-grid-cell\" ><div id=\"panel-gb2162-69e37fe76089c-0-1-0\" class=\"so-panel widget widget_sow-image panel-first-child panel-last-child\" data-index=\"1\" ><div\n\t\t\t\n\t\t\tclass=\"so-widget-sow-image so-widget-sow-image-default-8b5b6f678277-2162\"\n\t\t\t\n\t\t>\n<div class=\"sow-image-container\">\n\t\t\t<a href=\"https:\/\/csmb.prefeitura.sp.gov.br\/index.php\/time-line-inicio\/\"\n\t\t\ttarget=\"_blank\" rel=\"noopener noreferrer\" \t\t>\n\t\t\t<img \n\tsrc=\"https:\/\/csmb.prefeitura.sp.gov.br\/wp-content\/uploads\/2021\/07\/BP1990.jpeg\" width=\"577\" height=\"101\" srcset=\"https:\/\/csmb.prefeitura.sp.gov.br\/wp-content\/uploads\/2021\/07\/BP1990.jpeg 577w, https:\/\/csmb.prefeitura.sp.gov.br\/wp-content\/uploads\/2021\/07\/BP1990-300x53.jpeg 300w, https:\/\/csmb.prefeitura.sp.gov.br\/wp-content\/uploads\/2021\/07\/BP1990-343x60.jpeg 343w\" sizes=\"(max-width: 577px) 100vw, 577px\" title=\"Linha do tempo BP1990\" alt=\"\" \t\tclass=\"so-widget-image\"\/>\n\t\t\t<\/a><\/div>\n\n<\/div><\/div><\/div><\/div><\/div>","protected":false},"excerpt":{"rendered":"<p>No in\u00edcio dos anos de 1990, prossegue o processo de expans\u00e3o das bibliotecas, acompanhando o fen\u00f4meno da metropoliza\u00e7\u00e3o paulistana em bairros que n\u00e3o possu\u00edam espa\u00e7o cultural, como o Lim\u00e3o, Vila Curu\u00e7\u00e1 e Parque Edu Chaves. O Projeto Cidadania Cultural, implementado entre 1989-1992, surge como proposta &hellip; <\/p>\n","protected":false},"author":2,"featured_media":0,"parent":0,"menu_order":0,"comment_status":"closed","ping_status":"closed","template":"","meta":{"footnotes":""},"class_list":["post-2162","page","type-page","status-publish","hentry"],"_links":{"self":[{"href":"https:\/\/csmb.prefeitura.sp.gov.br\/index.php\/wp-json\/wp\/v2\/pages\/2162","targetHints":{"allow":["GET"]}}],"collection":[{"href":"https:\/\/csmb.prefeitura.sp.gov.br\/index.php\/wp-json\/wp\/v2\/pages"}],"about":[{"href":"https:\/\/csmb.prefeitura.sp.gov.br\/index.php\/wp-json\/wp\/v2\/types\/page"}],"author":[{"embeddable":true,"href":"https:\/\/csmb.prefeitura.sp.gov.br\/index.php\/wp-json\/wp\/v2\/users\/2"}],"replies":[{"embeddable":true,"href":"https:\/\/csmb.prefeitura.sp.gov.br\/index.php\/wp-json\/wp\/v2\/comments?post=2162"}],"version-history":[{"count":0,"href":"https:\/\/csmb.prefeitura.sp.gov.br\/index.php\/wp-json\/wp\/v2\/pages\/2162\/revisions"}],"wp:attachment":[{"href":"https:\/\/csmb.prefeitura.sp.gov.br\/index.php\/wp-json\/wp\/v2\/media?parent=2162"}],"curies":[{"name":"wp","href":"https:\/\/api.w.org\/{rel}","templated":true}]}}