{"id":2160,"date":"2021-07-12T11:25:35","date_gmt":"2021-07-12T14:25:35","guid":{"rendered":"https:\/\/csmb.prefeitura.sp.gov.br\/?page_id=2160"},"modified":"2021-07-12T15:50:52","modified_gmt":"2021-07-12T18:50:52","slug":"janela1980","status":"publish","type":"page","link":"https:\/\/csmb.prefeitura.sp.gov.br\/index.php\/janela1980\/","title":{"rendered":"1980"},"content":{"rendered":"<p>Durante os anos de 1980, os Departamentos de Bibliotecas acompanharam o processo de metropoliza\u00e7\u00e3o de S\u00e3o Paulo. Nesse per\u00edodo foram constru\u00eddas bibliotecas em localidades que estavam em franca expans\u00e3o habitacional e que n\u00e3o tinham acesso a equipamentos culturais p\u00fablicos. Durante esse processo foram instaladas bibliotecas em S\u00e3o Miguel Paulista (1980), Vila Prudente, Itaquera e Campo Limpo (1981), Capela do Socorro (1987), Butant\u00e3 e Sapopemba (1988). <\/p>\n<p>A for\u00e7a motriz era o atendimento \u00e0s reivindica\u00e7\u00f5es de representantes comunit\u00e1rios, ligados a associa\u00e7\u00f5es de bairro, escolas locais, movimento de moradia e entidades regionais, que se reuniam com o objetivo de sistematizar um trabalho conjunto voltado para os interesses locais da popula\u00e7\u00e3o.  <\/p>\n<p>Formalizadas por meio das solicita\u00e7\u00f5es aos Departamentos de Bibliotecas P\u00fablicas e de Bibliotecas Infantojuvenis, as bibliotecas passaram a ocupar espa\u00e7os alugados, ou espa\u00e7os oferecidos em conjuntos habitacionais, como na Cohab Jos\u00e9 Bonif\u00e1cio, Cohab de Itaquera e Cohab da Parada de Taipas. <\/p>\n<p>O Secret\u00e1rio de Cultura, M\u00e1rio Chamie participou da inaugura\u00e7\u00e3o de algumas dessas bibliotecas. Com a implanta\u00e7\u00e3o do Projeto Periferia, ele tamb\u00e9m propunha atividades culturais subsidiadas pelo poder p\u00fablico que fossem descentralizadas para os bairros perif\u00e9ricos de S\u00e3o Paulo. Com ancoragem nas ideias e a\u00e7\u00f5es de intelectuais modernistas dos anos de 1930, M\u00e1rio Chamie, durante sua gest\u00e3o, fez com que as bibliotecas se tornassem centros culturais com espet\u00e1culos de m\u00fasica, teatro, dan\u00e7a, cinema e palestras. <\/p>\n<p>Em julho de 1980, foi inaugurado um n\u00facleo de atividades culturais que abrigava uma casa de cultura, um teatro e duas bibliotecas: o Centro Cultural Jabaquara. Em substitui\u00e7\u00e3o ao projeto da Biblioteca Central de S\u00e3o Paulo &#8211; Vergueiro, em maio de 1982 foi inaugurado o Centro Cultural S\u00e3o Paulo (CCSP), cuja biblioteca foi inaugurada em mar\u00e7o de 1983. <\/p>\n<p>No decorrer dos anos de 1980, foi implementado o Projeto Leitura no Parque, essa denomina\u00e7\u00e3o futuramente foi alterada, dando origem aos servi\u00e7os de extens\u00e3o cultural que se tornaram conhecidos como Bosque da Leitura. Esse processo gerou tamb\u00e9m a expans\u00e3o dos servi\u00e7os do \u00d4nibus-Biblioteca (Perua Kombi) e de disponibiliza\u00e7\u00e3o das caixas estantes. <\/p>\n<p>A programa\u00e7\u00e3o cultural que come\u00e7ara a ser enviada pelos Departamentos, na gest\u00e3o Gianfrancesco Guarnieri foi inovada, dentro de um programa de leitura, por meio de planejamento de atividades suscitadas entre os pr\u00f3prios frequentadores, assim como com a\u00e7\u00f5es de integra\u00e7\u00e3o de segmentos locais com os funcion\u00e1rios das bibliotecas em torno de programas que espelhavam necessidades culturais da comunidade. <\/p>\n<p>\u00c9 importante ressaltar ainda que foi nesta d\u00e9cada que o processamento t\u00e9cnico dos acervos, que eram feitos manualmente para os fich\u00e1rios catalogr\u00e1ficos, foi inovado, e em 1982 foi instalado na Prodam um sistema denominado Dobis Libis &#8211; D\/L para automa\u00e7\u00e3o do acervo da biblioteca do Centro Cultural S\u00e3o Paulo e da Biblioteca M\u00e1rio de Andrade. Em 1989 havia 24.000 registros e a consulta ao cat\u00e1logo eletr\u00f4nico era restrita ao CCSP.<\/p>\n\n<div id=\"pl-gb2160-6a06b0c9e29a1\"  class=\"panel-layout\" ><div id=\"pg-gb2160-6a06b0c9e29a1-0\"  class=\"panel-grid panel-no-style\" ><div id=\"pgc-gb2160-6a06b0c9e29a1-0-0\"  class=\"panel-grid-cell\" ><div id=\"panel-gb2160-6a06b0c9e29a1-0-0-0\" class=\"so-panel widget widget_sow-image panel-first-child panel-last-child\" data-index=\"0\" ><div\n\t\t\t\n\t\t\tclass=\"so-widget-sow-image so-widget-sow-image-default-8b5b6f678277-2160\"\n\t\t\t\n\t\t>\n<div class=\"sow-image-container\">\n\t\t\t<a href=\"https:\/\/csmb.prefeitura.sp.gov.br\/index.php\/linha-do-tempo-biblioteca-infanto-juvenil-ramais\/\"\n\t\t\ttarget=\"_blank\" rel=\"noopener noreferrer\" \t\t>\n\t\t\t<img \n\tsrc=\"https:\/\/csmb.prefeitura.sp.gov.br\/wp-content\/uploads\/2021\/07\/BIJ1980.jpeg\" width=\"578\" height=\"104\" srcset=\"https:\/\/csmb.prefeitura.sp.gov.br\/wp-content\/uploads\/2021\/07\/BIJ1980.jpeg 578w, https:\/\/csmb.prefeitura.sp.gov.br\/wp-content\/uploads\/2021\/07\/BIJ1980-300x54.jpeg 300w, https:\/\/csmb.prefeitura.sp.gov.br\/wp-content\/uploads\/2021\/07\/BIJ1980-333x60.jpeg 333w\" sizes=\"(max-width: 578px) 100vw, 578px\" title=\"Linha do tempo BIJ1980\" alt=\"\" \t\tclass=\"so-widget-image\"\/>\n\t\t\t<\/a><\/div>\n\n<\/div><\/div><\/div><div id=\"pgc-gb2160-6a06b0c9e29a1-0-1\"  class=\"panel-grid-cell\" ><div id=\"panel-gb2160-6a06b0c9e29a1-0-1-0\" class=\"so-panel widget widget_sow-image panel-first-child panel-last-child\" data-index=\"1\" ><div\n\t\t\t\n\t\t\tclass=\"so-widget-sow-image so-widget-sow-image-default-8b5b6f678277-2160\"\n\t\t\t\n\t\t>\n<div class=\"sow-image-container\">\n\t\t\t<a href=\"https:\/\/csmb.prefeitura.sp.gov.br\/index.php\/time-line-inicio\/\"\n\t\t\ttarget=\"_blank\" rel=\"noopener noreferrer\" \t\t>\n\t\t\t<img \n\tsrc=\"https:\/\/csmb.prefeitura.sp.gov.br\/wp-content\/uploads\/2021\/07\/BP1980.jpeg\" width=\"576\" height=\"100\" srcset=\"https:\/\/csmb.prefeitura.sp.gov.br\/wp-content\/uploads\/2021\/07\/BP1980.jpeg 576w, https:\/\/csmb.prefeitura.sp.gov.br\/wp-content\/uploads\/2021\/07\/BP1980-300x52.jpeg 300w, https:\/\/csmb.prefeitura.sp.gov.br\/wp-content\/uploads\/2021\/07\/BP1980-346x60.jpeg 346w\" sizes=\"(max-width: 576px) 100vw, 576px\" title=\"Linha do tempo BP1980\" alt=\"\" \t\tclass=\"so-widget-image\"\/>\n\t\t\t<\/a><\/div>\n\n<\/div><\/div><\/div><\/div><\/div>","protected":false},"excerpt":{"rendered":"<p>Durante os anos de 1980, os Departamentos de Bibliotecas acompanharam o processo de metropoliza\u00e7\u00e3o de S\u00e3o Paulo. Nesse per\u00edodo foram constru\u00eddas bibliotecas em localidades que estavam em franca expans\u00e3o habitacional e que n\u00e3o tinham acesso a equipamentos culturais p\u00fablicos. Durante esse processo foram instaladas bibliotecas &hellip; <\/p>\n","protected":false},"author":2,"featured_media":0,"parent":0,"menu_order":0,"comment_status":"closed","ping_status":"closed","template":"","meta":{"footnotes":""},"class_list":["post-2160","page","type-page","status-publish","hentry"],"_links":{"self":[{"href":"https:\/\/csmb.prefeitura.sp.gov.br\/index.php\/wp-json\/wp\/v2\/pages\/2160","targetHints":{"allow":["GET"]}}],"collection":[{"href":"https:\/\/csmb.prefeitura.sp.gov.br\/index.php\/wp-json\/wp\/v2\/pages"}],"about":[{"href":"https:\/\/csmb.prefeitura.sp.gov.br\/index.php\/wp-json\/wp\/v2\/types\/page"}],"author":[{"embeddable":true,"href":"https:\/\/csmb.prefeitura.sp.gov.br\/index.php\/wp-json\/wp\/v2\/users\/2"}],"replies":[{"embeddable":true,"href":"https:\/\/csmb.prefeitura.sp.gov.br\/index.php\/wp-json\/wp\/v2\/comments?post=2160"}],"version-history":[{"count":0,"href":"https:\/\/csmb.prefeitura.sp.gov.br\/index.php\/wp-json\/wp\/v2\/pages\/2160\/revisions"}],"wp:attachment":[{"href":"https:\/\/csmb.prefeitura.sp.gov.br\/index.php\/wp-json\/wp\/v2\/media?parent=2160"}],"curies":[{"name":"wp","href":"https:\/\/api.w.org\/{rel}","templated":true}]}}