{"id":2156,"date":"2021-07-12T11:24:20","date_gmt":"2021-07-12T14:24:20","guid":{"rendered":"https:\/\/csmb.prefeitura.sp.gov.br\/?page_id=2156"},"modified":"2024-12-07T16:39:20","modified_gmt":"2024-12-07T18:39:20","slug":"janela1960","status":"publish","type":"page","link":"https:\/\/csmb.prefeitura.sp.gov.br\/index.php\/janela1960\/","title":{"rendered":"1960"},"content":{"rendered":"<p>Os decretos dos anos 1950 estabeleciam inicialmente que a denomina\u00e7\u00e3o das bibliotecas estaria associada exclusivamente ao nome do bairro em que se localizava, algumas poucas, no entanto, j\u00e1 eram bibliotecas dedicadas a patronos, como Hans Christian Andersen e Monteiro Lobato. A partir dos anos de 1960 a pr\u00e1tica estendeu-se \u00e0 ado\u00e7\u00e3o de nomes de bibliotec\u00e1rios, intelectuais, pol\u00edticos, secret\u00e1rios de cultura, como forma de preservar, no campo da mem\u00f3ria coletiva, o nome de personalidades ligadas ao campo da cultura.<\/p>\n<p>Com esse esp\u00edrito, em 1960, a Biblioteca P\u00fablica Municipal, unidade central, passa a denominar-se Biblioteca M\u00e1rio de Andrade. \u00c0 \u00e9poca, o diretor Francisco Jos\u00e9 Azevedo chefiava a Se\u00e7\u00e3o Circulante da BMA, fun\u00e7\u00e3o que tamb\u00e9m se estendia \u00e0s demais bibliotecas circulantes.<\/p>\n<p>A Biblioteca M\u00e1rio de Andrade era a respons\u00e1vel pelas bibliotecas circulantes dos bairros. Essas unidades preservaram as caracter\u00edsticas da Se\u00e7\u00e3o Circulante (criada pelo Decreto Lei n\u00ba 360, de 13 de setembro de 1946), tendo por finalidade manter organizada e atualizada uma cole\u00e7\u00e3o generalista de livros para empr\u00e9stimo \u00e0 domic\u00edlio. Esses empr\u00e9stimos eram feitos mediante cart\u00e3o de registro.<\/p>\n<p>Entre 1961 e 1965, segunda gest\u00e3o de Prestes Maia, as redes de bibliotecas circulantes e infantis se ampliaram, sendo inauguradas bibliotecas nos bairros da Mooca, Pirituba, Santo Amaro, Freguesia do \u00d3 e Ipiranga. Entre os anos de 1966 e 1968, as unidades alcan\u00e7aram os bairros do Canind\u00e9, Cruz das Almas, Perus, Vila Formosa e Jardim da Sa\u00fade. Essas bibliotecas fizeram parte do conjunto de obras voltadas \u00e0 educa\u00e7\u00e3o.<\/p>\n<p>O plano de constru\u00e7\u00e3o da Biblioteca de Santo Amaro compunha um projeto que, al\u00e9m de ser o da instala\u00e7\u00e3o de instrumentos de educa\u00e7\u00e3o e lazer em bairros, teve como fim descentralizar a pesquisa e a utiliza\u00e7\u00e3o da biblioteca M\u00e1rio de Andrade, localizada na regi\u00e3o central da cidade.<\/p>\n<p>Com a capacidade de armazenamento de obras esgotada pela Biblioteca M\u00e1rio de Andrade, os volumes excedentes foram deslocados para pr\u00e9dios das bibliotecas ramais da Lapa e de Santo Amaro, descentralizando a cole\u00e7\u00e3o.<\/p>\n<p>Em 1968 as bibliotecas ramais s\u00e3o desligadas da Se\u00e7\u00e3o Circulante da Biblioteca M\u00e1rio de Andrade e se subordinam \u00e0 chefia da Divis\u00e3o de Bibliotecas, passando a possibilitar tamb\u00e9m a leitura e estudo no local com cole\u00e7\u00e3o fixa.<\/p>\n\n<div id=\"pl-gb2156-6a06cbe978b03\"  class=\"panel-layout wp-block-siteorigin-panels-layout-block\" ><div id=\"pg-gb2156-6a06cbe978b03-0\"  class=\"panel-grid panel-no-style\" ><div id=\"pgc-gb2156-6a06cbe978b03-0-0\"  class=\"panel-grid-cell\" ><div id=\"panel-gb2156-6a06cbe978b03-0-0-0\" class=\"so-panel widget widget_sow-image panel-first-child panel-last-child\" data-index=\"0\" ><div\n\t\t\t\n\t\t\tclass=\"so-widget-sow-image so-widget-sow-image-default-8b5b6f678277-2156\"\n\t\t\t\n\t\t>\n<div class=\"sow-image-container\">\n\t\t\t<a href=\"https:\/\/csmb.prefeitura.sp.gov.br\/index.php\/linha-do-tempo-biblioteca-infanto-juvenil-ramais\/\"\n\t\t\ttarget=\"_blank\" rel=\"noopener noreferrer\" \t\t>\n\t\t\t<img \n\tsrc=\"https:\/\/csmb.prefeitura.sp.gov.br\/wp-content\/uploads\/2021\/07\/BIJ1960.jpeg\" width=\"577\" height=\"102\" srcset=\"https:\/\/csmb.prefeitura.sp.gov.br\/wp-content\/uploads\/2021\/07\/BIJ1960.jpeg 577w, https:\/\/csmb.prefeitura.sp.gov.br\/wp-content\/uploads\/2021\/07\/BIJ1960-300x53.jpeg 300w, https:\/\/csmb.prefeitura.sp.gov.br\/wp-content\/uploads\/2021\/07\/BIJ1960-339x60.jpeg 339w\" sizes=\"(max-width: 577px) 100vw, 577px\" title=\"Linha do tempo BIJ1960\" alt=\"\" \t\tclass=\"so-widget-image\"\/>\n\t\t\t<\/a><\/div>\n\n<\/div><\/div><\/div><div id=\"pgc-gb2156-6a06cbe978b03-0-1\"  class=\"panel-grid-cell\" ><div id=\"panel-gb2156-6a06cbe978b03-0-1-0\" class=\"so-panel widget widget_sow-image panel-first-child panel-last-child\" data-index=\"1\" ><div\n\t\t\t\n\t\t\tclass=\"so-widget-sow-image so-widget-sow-image-default-8b5b6f678277-2156\"\n\t\t\t\n\t\t>\n<div class=\"sow-image-container\">\n\t\t\t<a href=\"https:\/\/csmb.prefeitura.sp.gov.br\/index.php\/time-line-inicio\/\"\n\t\t\ttarget=\"_blank\" rel=\"noopener noreferrer\" \t\t>\n\t\t\t<img \n\tsrc=\"https:\/\/csmb.prefeitura.sp.gov.br\/wp-content\/uploads\/2021\/07\/BP1960.jpeg\" width=\"578\" height=\"104\" srcset=\"https:\/\/csmb.prefeitura.sp.gov.br\/wp-content\/uploads\/2021\/07\/BP1960.jpeg 578w, https:\/\/csmb.prefeitura.sp.gov.br\/wp-content\/uploads\/2021\/07\/BP1960-300x54.jpeg 300w, https:\/\/csmb.prefeitura.sp.gov.br\/wp-content\/uploads\/2021\/07\/BP1960-333x60.jpeg 333w\" sizes=\"(max-width: 578px) 100vw, 578px\" title=\"Linha do tempo BP1960\" alt=\"\" \t\tclass=\"so-widget-image\"\/>\n\t\t\t<\/a><\/div>\n\n<\/div><\/div><\/div><\/div><\/div>","protected":false},"excerpt":{"rendered":"<p>Os decretos dos anos 1950 estabeleciam inicialmente que a denomina\u00e7\u00e3o das bibliotecas estaria associada exclusivamente ao nome do bairro em que se localizava, algumas poucas, no entanto, j\u00e1 eram bibliotecas dedicadas a patronos, como Hans Christian Andersen e Monteiro Lobato. A partir dos anos de &hellip; <\/p>\n","protected":false},"author":2,"featured_media":0,"parent":0,"menu_order":0,"comment_status":"closed","ping_status":"closed","template":"","meta":{"footnotes":""},"class_list":["post-2156","page","type-page","status-publish","hentry"],"_links":{"self":[{"href":"https:\/\/csmb.prefeitura.sp.gov.br\/index.php\/wp-json\/wp\/v2\/pages\/2156","targetHints":{"allow":["GET"]}}],"collection":[{"href":"https:\/\/csmb.prefeitura.sp.gov.br\/index.php\/wp-json\/wp\/v2\/pages"}],"about":[{"href":"https:\/\/csmb.prefeitura.sp.gov.br\/index.php\/wp-json\/wp\/v2\/types\/page"}],"author":[{"embeddable":true,"href":"https:\/\/csmb.prefeitura.sp.gov.br\/index.php\/wp-json\/wp\/v2\/users\/2"}],"replies":[{"embeddable":true,"href":"https:\/\/csmb.prefeitura.sp.gov.br\/index.php\/wp-json\/wp\/v2\/comments?post=2156"}],"version-history":[{"count":1,"href":"https:\/\/csmb.prefeitura.sp.gov.br\/index.php\/wp-json\/wp\/v2\/pages\/2156\/revisions"}],"predecessor-version":[{"id":2887,"href":"https:\/\/csmb.prefeitura.sp.gov.br\/index.php\/wp-json\/wp\/v2\/pages\/2156\/revisions\/2887"}],"wp:attachment":[{"href":"https:\/\/csmb.prefeitura.sp.gov.br\/index.php\/wp-json\/wp\/v2\/media?parent=2156"}],"curies":[{"name":"wp","href":"https:\/\/api.w.org\/{rel}","templated":true}]}}