{"id":2154,"date":"2021-07-12T11:23:43","date_gmt":"2021-07-12T14:23:43","guid":{"rendered":"https:\/\/csmb.prefeitura.sp.gov.br\/?page_id=2154"},"modified":"2025-06-11T13:49:03","modified_gmt":"2025-06-11T16:49:03","slug":"janela1950","status":"publish","type":"page","link":"https:\/\/csmb.prefeitura.sp.gov.br\/index.php\/janela1950\/","title":{"rendered":"1950"},"content":{"rendered":"<p>Ap\u00f3s a instala\u00e7\u00e3o da primeira sucursal de bairro anos antes (a Biblioteca Infantil do Itaim), a C\u00e2mara Municipal de S\u00e3o Paulo promulgou em mar\u00e7o de 1950 a lei para a instala\u00e7\u00e3o de mais sucursais em Santana, Br\u00e1s, Lapa, Butant\u00e3, Pinheiros, Ipiranga, Penha, Tatuap\u00e9, Vila Maria, Casa Verde, Vila Mariana, S\u00e3o Miguel Paulista, Itaquera e Santo Amaro. Para essas bibliotecas foram aplicadas todas as disposi\u00e7\u00f5es de organiza\u00e7\u00e3o e funcionamento das bibliotecas infantis j\u00e1 existentes \u00e0 \u00e9poca.<\/p>\n<p>Outro fato ligado \u00e0 concep\u00e7\u00e3o educativa, ocorrido de 1949 a 1952, foi a constru\u00e7\u00e3o de setenta equipamentos sociais, entre os quais bibliotecas, dentro de conceitos baseados nos pensamentos do pedagogo An\u00edsio Teixeira. O eixo filos\u00f3fico pedag\u00f3gico deste educador teve influ\u00eancia direta sobre as obras de Hellio Duarte, arquiteto ligado \u00e0 Comiss\u00e3o do Conv\u00eanio Escolar.<\/p>\n<p>Em 1951, o servi\u00e7o de bibliotecas p\u00fablicas municipais foi dividido em duas unidades administrativas: a Divis\u00e3o de Bibliotecas Infanto-Juvenis e de Cinema Educativo e a de Expans\u00e3o de Bibliotecas P\u00fablicas para adultos.<\/p>\n<p>Dona Lenyra Fraccaroli, primeira diretora da Divis\u00e3o de Bibliotecas Infanto-Juvenis, amparou-se na legisla\u00e7\u00e3o que estabelecia o hor\u00e1rio de trabalho de educadores de parques infantis e estabeleceu cinco horas de trabalho para cada uma das equipes sob sua dire\u00e7\u00e3o; as unidades funcionavam das 8h \u00e0s 18h. Essa Divis\u00e3o contava com o servi\u00e7o de bibliotec\u00e1rios, atendentes de biblioteca, escritur\u00e1rios e educadores.<\/p>\n<p>Nas sucursais, instaladas em bairros oper\u00e1rios, os servi\u00e7os atendiam fun\u00e7\u00f5es qualificadas como de \u201cbibliotec\u00e1rias-educadoras\u201d. Para atender crian\u00e7as e jovens, o trabalho pedag\u00f3gico era desenvolvido com a finalidade de orientar pesquisas e estudos. Sob o enfoque educacional, havia ainda o trabalho de professores que complementavam as atividades do bibliotec\u00e1rio na forma\u00e7\u00e3o do menor, na orienta\u00e7\u00e3o da leitura e das atividades recreativas. Durante anos, as bibliotecas infantis funcionaram com educadoras.<\/p>\n<p>Para o atendimento do p\u00fablico adulto a proposta era diferente. De 1952 a 1968, o servi\u00e7o das bibliotecas circulantes de bairro, futura Supervis\u00e3o de Bibliotecas Ramais, era subordinado \u00e0 Se\u00e7\u00e3o Circulante Central da Biblioteca P\u00fablica Municipal. As Bibliotecas P\u00fablicas de Bairro foram criadas com a finalidade de descentralizar os servi\u00e7os e atender usu\u00e1rios da popula\u00e7\u00e3o perif\u00e9rica da cidade.<\/p>\n<p>A primeira unidade foi inaugurada em 1952, sob a proposta da Comiss\u00e3o do Conv\u00eanio Escolar. \u00c0 \u00e9poca, a prefeitura interessada na loca\u00e7\u00e3o de im\u00f3veis destinados \u00e0 instala\u00e7\u00e3o de bibliotecas circulantes, abriu concorr\u00eancia p\u00fablica nos bairros da Mooca (outubro de 1952), Ipiranga e Lapa (outubro de 1953), S\u00e3o Miguel Paulista (fevereiro de 1954) e Casa Verde (abril de 1954).<\/p>\n<p>At\u00e9 o fim da gest\u00e3o de S\u00e9rgio Milliet, em 1959, foram inauguradas, em bairros populosos, cinco bibliotecas ramais: alguma em pr\u00e9dios pr\u00f3prios, outras em alugados.<\/p>\n\n<div id=\"pl-gb2154-6a06be5cd056a\"  class=\"panel-layout wp-block-siteorigin-panels-layout-block\" ><div id=\"pg-gb2154-6a06be5cd056a-0\"  class=\"panel-grid panel-no-style\" ><div id=\"pgc-gb2154-6a06be5cd056a-0-0\"  class=\"panel-grid-cell\" ><div id=\"panel-gb2154-6a06be5cd056a-0-0-0\" class=\"so-panel widget widget_sow-image panel-first-child panel-last-child\" data-index=\"0\" ><div\n\t\t\t\n\t\t\tclass=\"so-widget-sow-image so-widget-sow-image-default-8b5b6f678277-2154\"\n\t\t\t\n\t\t>\n<div class=\"sow-image-container\">\n\t\t\t<a href=\"https:\/\/csmb.prefeitura.sp.gov.br\/index.php\/linha-do-tempo-biblioteca-infanto-juvenil-ramais\/\"\n\t\t\ttarget=\"_blank\" rel=\"noopener noreferrer\" \t\t>\n\t\t\t<img \n\tsrc=\"https:\/\/csmb.prefeitura.sp.gov.br\/wp-content\/uploads\/2021\/07\/BIJ1950.jpeg\" width=\"578\" height=\"111\" srcset=\"https:\/\/csmb.prefeitura.sp.gov.br\/wp-content\/uploads\/2021\/07\/BIJ1950.jpeg 578w, https:\/\/csmb.prefeitura.sp.gov.br\/wp-content\/uploads\/2021\/07\/BIJ1950-300x58.jpeg 300w, https:\/\/csmb.prefeitura.sp.gov.br\/wp-content\/uploads\/2021\/07\/BIJ1950-312x60.jpeg 312w\" sizes=\"(max-width: 578px) 100vw, 578px\" title=\"Linha do tempo BIJ1950\" alt=\"\" \t\tclass=\"so-widget-image\"\/>\n\t\t\t<\/a><\/div>\n\n<\/div><\/div><\/div><div id=\"pgc-gb2154-6a06be5cd056a-0-1\"  class=\"panel-grid-cell\" ><div id=\"panel-gb2154-6a06be5cd056a-0-1-0\" class=\"so-panel widget widget_sow-image panel-first-child panel-last-child\" data-index=\"1\" ><div\n\t\t\t\n\t\t\tclass=\"so-widget-sow-image so-widget-sow-image-default-8b5b6f678277-2154\"\n\t\t\t\n\t\t>\n<div class=\"sow-image-container\">\n\t\t\t<a href=\"https:\/\/csmb.prefeitura.sp.gov.br\/index.php\/time-line-inicio\/\"\n\t\t\ttarget=\"_blank\" rel=\"noopener noreferrer\" \t\t>\n\t\t\t<img \n\tsrc=\"https:\/\/csmb.prefeitura.sp.gov.br\/wp-content\/uploads\/2021\/07\/BP1950.jpeg\" width=\"577\" height=\"105\" srcset=\"https:\/\/csmb.prefeitura.sp.gov.br\/wp-content\/uploads\/2021\/07\/BP1950.jpeg 577w, https:\/\/csmb.prefeitura.sp.gov.br\/wp-content\/uploads\/2021\/07\/BP1950-300x55.jpeg 300w, https:\/\/csmb.prefeitura.sp.gov.br\/wp-content\/uploads\/2021\/07\/BP1950-330x60.jpeg 330w\" sizes=\"(max-width: 577px) 100vw, 577px\" title=\"Linha do tempo BP1950\" alt=\"\" \t\tclass=\"so-widget-image\"\/>\n\t\t\t<\/a><\/div>\n\n<\/div><\/div><\/div><\/div><\/div>\n\n\n<p><\/p>\n","protected":false},"excerpt":{"rendered":"<p>Ap\u00f3s a instala\u00e7\u00e3o da primeira sucursal de bairro anos antes (a Biblioteca Infantil do Itaim), a C\u00e2mara Municipal de S\u00e3o Paulo promulgou em mar\u00e7o de 1950 a lei para a instala\u00e7\u00e3o de mais sucursais em Santana, Br\u00e1s, Lapa, Butant\u00e3, Pinheiros, Ipiranga, Penha, Tatuap\u00e9, Vila Maria, &hellip; <\/p>\n","protected":false},"author":2,"featured_media":0,"parent":0,"menu_order":0,"comment_status":"closed","ping_status":"closed","template":"","meta":{"footnotes":""},"class_list":["post-2154","page","type-page","status-publish","hentry"],"_links":{"self":[{"href":"https:\/\/csmb.prefeitura.sp.gov.br\/index.php\/wp-json\/wp\/v2\/pages\/2154","targetHints":{"allow":["GET"]}}],"collection":[{"href":"https:\/\/csmb.prefeitura.sp.gov.br\/index.php\/wp-json\/wp\/v2\/pages"}],"about":[{"href":"https:\/\/csmb.prefeitura.sp.gov.br\/index.php\/wp-json\/wp\/v2\/types\/page"}],"author":[{"embeddable":true,"href":"https:\/\/csmb.prefeitura.sp.gov.br\/index.php\/wp-json\/wp\/v2\/users\/2"}],"replies":[{"embeddable":true,"href":"https:\/\/csmb.prefeitura.sp.gov.br\/index.php\/wp-json\/wp\/v2\/comments?post=2154"}],"version-history":[{"count":2,"href":"https:\/\/csmb.prefeitura.sp.gov.br\/index.php\/wp-json\/wp\/v2\/pages\/2154\/revisions"}],"predecessor-version":[{"id":3049,"href":"https:\/\/csmb.prefeitura.sp.gov.br\/index.php\/wp-json\/wp\/v2\/pages\/2154\/revisions\/3049"}],"wp:attachment":[{"href":"https:\/\/csmb.prefeitura.sp.gov.br\/index.php\/wp-json\/wp\/v2\/media?parent=2154"}],"curies":[{"name":"wp","href":"https:\/\/api.w.org\/{rel}","templated":true}]}}