{"id":2152,"date":"2021-07-12T11:22:57","date_gmt":"2021-07-12T14:22:57","guid":{"rendered":"https:\/\/csmb.prefeitura.sp.gov.br\/?page_id=2152"},"modified":"2021-07-12T15:07:56","modified_gmt":"2021-07-12T18:07:56","slug":"janela1940","status":"publish","type":"page","link":"https:\/\/csmb.prefeitura.sp.gov.br\/index.php\/janela1940\/","title":{"rendered":"1940"},"content":{"rendered":"<p>O debate sobre a implanta\u00e7\u00e3o de bibliotecas municipais de bairro foi adiado at\u00e9 o final da d\u00e9cada de 1940, efetivando a ideia anunciada por Eurico de G\u00f3es em 1933, de que as bibliotecas populares s\u00f3 seriam instaladas ap\u00f3s a constru\u00e7\u00e3o da primeira biblioteca p\u00fablica central, que por sua vez foi inaugurada em 1942. <\/p>\n<p>Em 25 de janeiro de 1944 a Biblioteca P\u00fablica Municipal inaugura a Se\u00e7\u00e3o Circulante Central, chefiada por Francisco Jos\u00e9 Almeida Azevedo. Azevedo descreveu os trabalhos desta nova vers\u00e3o da biblioteca circulante no Boletim Bibliogr\u00e1fico de n\u00famero 15, cujo modelo estendeu-se \u00e0 futura rede de bibliotecas circulantes instaladas nos bairros. <\/p>\n<p>Em 1947, quase onze anos ap\u00f3s a instala\u00e7\u00e3o da primeira Biblioteca Central Infantil Municipal, Lenyra Fraccaroli organizou a sucursal no bairro do Itaim, biblioteca que foi inaugurada por Monteiro Lobato. <\/p>\n<p>O Projeto de Lei n\u00ba 96\/1948, que gerou a Lei n\u00ba 3.853, de autoria de Val\u00e9rio Guili  (vereador da cidade de S\u00e3o Paulo), e promulgada pelo prefeito Lineu Prestes, tornou-se o maior expoente na amplia\u00e7\u00e3o da rede de bibliotecas. Giuli, futuramente, tornou-se Secret\u00e1rio de Educa\u00e7\u00e3o e Cultura nas gest\u00f5es de J\u00e2nio Quadros e de Faria Lima.  <\/p>\n<p>Entre 1948 e 1951, foram encaminhadas as propostas de implanta\u00e7\u00e3o de mais bibliotecas circulantes nos bairros. Essa implanta\u00e7\u00e3o estava entre as metas do programa de a\u00e7\u00e3o proposto por S\u00e9rgio Milliet, diretor que em 1942 sucedeu Rubens Borba de Moraes na dire\u00e7\u00e3o da Divis\u00e3o de Bibliotecas. Sob sua gest\u00e3o, foi apresentado um trabalho visando a cria\u00e7\u00e3o de dez bibliotecas circulantes, as quais ficariam subordinadas \u00e0 Se\u00e7\u00e3o Circulante Central da Biblioteca P\u00fablica Municipal. Esse trabalho deu origem ao Projeto de Lei n\u00ba 143 de 5 de maio de 1948 que criava a biblioteca circulante nos distritos do Br\u00e1s, Bom Retiro, Ipiranga, Vila Mariana, Lapa, Cambuci, Mooca, Penha, Pinheiros e Santo Amaro. <\/p>\n<p>Em dezembro de 1949, em parecer sobre o Projeto de Lei n\u00ba 84\/1948 emitido pela Comiss\u00e3o de Educa\u00e7\u00e3o e Cultura do Munic\u00edpio, projeto este que tratava a difus\u00e3o de cultura \u201centre as classes populares menos favorecidas\u201d, havia uma contraproposta \u00e0 justificativa de que devido \u00e0 experi\u00eancia da Se\u00e7\u00e3o Circulante Central receber frequentadores de diferentes bairros da cidade, aconselhava-se a amplia\u00e7\u00e3o dessas atividades para uma rede que contemplasse todos esses bairros. Na contraproposta, os pareceristas reconheciam o m\u00e9rito do PL84\/1948, mas explicaram que \u201cse executado, implicaria em dificuldades na a\u00e7\u00e3o fiscalizadora da prefeitura\u201d, e optaram assim pelo PL143\/1948, na vis\u00e3o deles: \u201cmais consent\u00e2neo com os objetivos da legisla\u00e7\u00e3o municipal\u201d. Ainda nesse parecer, ficava expresso que as futuras bibliotecas exerceriam orienta\u00e7\u00e3o educativa, pois entre as exig\u00eancias legais para a ocupa\u00e7\u00e3o do cargo de bibliotec\u00e1rio estava a de posse de diploma de professor normalista e de curso de biblioteconomia.<\/p>\n\n<div id=\"pl-gb2152-6a073b6ff2635\"  class=\"panel-layout\" ><div id=\"pg-gb2152-6a073b6ff2635-0\"  class=\"panel-grid panel-no-style\" ><div id=\"pgc-gb2152-6a073b6ff2635-0-0\"  class=\"panel-grid-cell\" ><div id=\"panel-gb2152-6a073b6ff2635-0-0-0\" class=\"so-panel widget widget_sow-image panel-first-child panel-last-child\" data-index=\"0\" ><div\n\t\t\t\n\t\t\tclass=\"so-widget-sow-image so-widget-sow-image-default-8b5b6f678277-2152\"\n\t\t\t\n\t\t>\n<div class=\"sow-image-container\">\n\t\t\t<a href=\"https:\/\/csmb.prefeitura.sp.gov.br\/index.php\/linha-do-tempo-biblioteca-infanto-juvenil-ramais\/\"\n\t\t\ttarget=\"_blank\" rel=\"noopener noreferrer\" \t\t>\n\t\t\t<img \n\tsrc=\"https:\/\/csmb.prefeitura.sp.gov.br\/wp-content\/uploads\/2021\/07\/BIJ1940.jpeg\" width=\"577\" height=\"102\" srcset=\"https:\/\/csmb.prefeitura.sp.gov.br\/wp-content\/uploads\/2021\/07\/BIJ1940.jpeg 577w, https:\/\/csmb.prefeitura.sp.gov.br\/wp-content\/uploads\/2021\/07\/BIJ1940-300x53.jpeg 300w, https:\/\/csmb.prefeitura.sp.gov.br\/wp-content\/uploads\/2021\/07\/BIJ1940-339x60.jpeg 339w\" sizes=\"(max-width: 577px) 100vw, 577px\" title=\"Linha do tempo BIJ1940\" alt=\"\" \t\tclass=\"so-widget-image\"\/>\n\t\t\t<\/a><\/div>\n\n<\/div><\/div><\/div><div id=\"pgc-gb2152-6a073b6ff2635-0-1\"  class=\"panel-grid-cell\" ><div id=\"panel-gb2152-6a073b6ff2635-0-1-0\" class=\"so-panel widget widget_sow-image panel-first-child panel-last-child\" data-index=\"1\" ><div\n\t\t\t\n\t\t\tclass=\"so-widget-sow-image so-widget-sow-image-default-8b5b6f678277-2152\"\n\t\t\t\n\t\t>\n<div class=\"sow-image-container\">\n\t\t\t<a href=\"https:\/\/csmb.prefeitura.sp.gov.br\/index.php\/time-line-inicio\/\"\n\t\t\ttarget=\"_blank\" rel=\"noopener noreferrer\" \t\t>\n\t\t\t<img \n\tsrc=\"https:\/\/csmb.prefeitura.sp.gov.br\/wp-content\/uploads\/2021\/07\/BP1940.jpeg\" width=\"579\" height=\"101\" srcset=\"https:\/\/csmb.prefeitura.sp.gov.br\/wp-content\/uploads\/2021\/07\/BP1940.jpeg 579w, https:\/\/csmb.prefeitura.sp.gov.br\/wp-content\/uploads\/2021\/07\/BP1940-300x52.jpeg 300w, https:\/\/csmb.prefeitura.sp.gov.br\/wp-content\/uploads\/2021\/07\/BP1940-344x60.jpeg 344w\" sizes=\"(max-width: 579px) 100vw, 579px\" title=\"Linha do tempo BP1940\" alt=\"\" \t\tclass=\"so-widget-image\"\/>\n\t\t\t<\/a><\/div>\n\n<\/div><\/div><\/div><\/div><\/div>","protected":false},"excerpt":{"rendered":"<p>O debate sobre a implanta\u00e7\u00e3o de bibliotecas municipais de bairro foi adiado at\u00e9 o final da d\u00e9cada de 1940, efetivando a ideia anunciada por Eurico de G\u00f3es em 1933, de que as bibliotecas populares s\u00f3 seriam instaladas ap\u00f3s a constru\u00e7\u00e3o da primeira biblioteca p\u00fablica central, &hellip; <\/p>\n","protected":false},"author":2,"featured_media":0,"parent":0,"menu_order":0,"comment_status":"closed","ping_status":"closed","template":"","meta":{"footnotes":""},"class_list":["post-2152","page","type-page","status-publish","hentry"],"_links":{"self":[{"href":"https:\/\/csmb.prefeitura.sp.gov.br\/index.php\/wp-json\/wp\/v2\/pages\/2152","targetHints":{"allow":["GET"]}}],"collection":[{"href":"https:\/\/csmb.prefeitura.sp.gov.br\/index.php\/wp-json\/wp\/v2\/pages"}],"about":[{"href":"https:\/\/csmb.prefeitura.sp.gov.br\/index.php\/wp-json\/wp\/v2\/types\/page"}],"author":[{"embeddable":true,"href":"https:\/\/csmb.prefeitura.sp.gov.br\/index.php\/wp-json\/wp\/v2\/users\/2"}],"replies":[{"embeddable":true,"href":"https:\/\/csmb.prefeitura.sp.gov.br\/index.php\/wp-json\/wp\/v2\/comments?post=2152"}],"version-history":[{"count":0,"href":"https:\/\/csmb.prefeitura.sp.gov.br\/index.php\/wp-json\/wp\/v2\/pages\/2152\/revisions"}],"wp:attachment":[{"href":"https:\/\/csmb.prefeitura.sp.gov.br\/index.php\/wp-json\/wp\/v2\/media?parent=2152"}],"curies":[{"name":"wp","href":"https:\/\/api.w.org\/{rel}","templated":true}]}}