{"id":2150,"date":"2021-07-12T11:21:52","date_gmt":"2021-07-12T14:21:52","guid":{"rendered":"https:\/\/csmb.prefeitura.sp.gov.br\/?page_id=2150"},"modified":"2024-12-07T06:14:26","modified_gmt":"2024-12-07T08:14:26","slug":"janela1930","status":"publish","type":"page","link":"https:\/\/csmb.prefeitura.sp.gov.br\/index.php\/janela1930\/","title":{"rendered":"1930"},"content":{"rendered":"<p>Se nos anos de 1920, as express\u00f5es Sala de Leitura Populares ou Bibliotecas Circulantes eram utilizadas nos documentos que planejavam a futura rede, termos como Bibliotecas Populares ou Livrarias Populares, ganham artigos na imprensa paulistana nos anos de 1930.<\/p>\n<p>Em 21 de abril de 1933, nos atos do interventor Federal de S\u00e3o Paulo Waldomiro Castilho de Lima &#8211; atos que institu\u00edram o c\u00f3digo de educa\u00e7\u00e3o estadual &#8211; os servi\u00e7os de extens\u00e3o cultural, especialmente aqueles voltados aos meios prolet\u00e1rios, referiam-se ao seu desenvolvimento por meio da dissemina\u00e7\u00e3o de hemerotecas e bibliotecas populares. A partir desse per\u00edodo, a instala\u00e7\u00e3o de bibliotecas aparece ligada a propostas de se educar a popula\u00e7\u00e3o e de se aumentar seu conhecimento cultural.<\/p>\n<p>No Ato n\u00ba 861 de 30 de maio de 1935, consolidado e modificado pelo prefeito F\u00e1bio Prado atrav\u00e9s do ato n\u00ba 1.146 de 4 de julho de 1936, \u00e9 criado o Departamento de Cultura e Recrea\u00e7\u00e3o do Munic\u00edpio de S\u00e3o Paulo, que teve M\u00e1rio de Andrade como primeiro diretor. Em sua estrutura s\u00e3o criadas cinco Divis\u00f5es, entre elas a Divis\u00e3o de Bibliotecas, denomina\u00e7\u00e3o que permanece at\u00e9 ser substitu\u00edda em 1975 por Departamentos de Bibliotecas. Eurico de G\u00f3es, mantido inicialmente como diretor dessa divis\u00e3o, ser\u00e1 substitu\u00eddo posteriormente por Rubens Borba de Moraes.<\/p>\n<p>Sob responsabilidade da Biblioteca P\u00fablica Municipal, a Divis\u00e3o de Bibliotecas adquiriu autom\u00f3veis que, em 1936, literalmente circulavam com o acervo pelas ruas da cidade, inovando a biblioteca circulante. A proposta era de que, com o tempo, essa demanda fosse substitu\u00edda pela constru\u00e7\u00e3o de bibliotecas populares em bairros oper\u00e1rios.<\/p>\n<p>A inova\u00e7\u00e3o proposta pelo Departamento de Cultura para os bairros, e que n\u00e3o foi executada, seria que bibliotecas populares e infantis funcionariam dentro de um complexo cultural na forma das Casas de Cultura, como um espa\u00e7o de reuni\u00e3o e debate das comunidades sobre seus problemas, nos quais pudessem interferir de forma ativa.<\/p>\n<p>Para a futura rede de bibliotecas de bairro, uma importante novidade foi o plano que deu origem \u00e0s bibliotecas infantis. A experi\u00eancia acumulada de Lenyra Fraccaroli, ao organizar a Biblioteca Escolar Infantil do Instituto Caetano de Campos, fundamentou, com o apoio de M\u00e1rio de Andrade, a cria\u00e7\u00e3o da primeira Biblioteca Infantil Municipal em 1936, moldando o conceito da rede que posteriormente emergiria para atender exclusivamente o p\u00fablico infantojuvenil. Assim, foi instalada a unidade que futuramente levaria o nome de Biblioteca Infantojuvenil Monteiro Lobato.<\/p>\n\n<div id=\"pl-gb2150-6a06cbe68455d\"  class=\"panel-layout wp-block-siteorigin-panels-layout-block\" ><div id=\"pg-gb2150-6a06cbe68455d-0\"  class=\"panel-grid panel-no-style\" ><div id=\"pgc-gb2150-6a06cbe68455d-0-0\"  class=\"panel-grid-cell\" ><div id=\"panel-gb2150-6a06cbe68455d-0-0-0\" class=\"so-panel widget widget_sow-image panel-first-child panel-last-child\" data-index=\"0\" ><div\n\t\t\t\n\t\t\tclass=\"so-widget-sow-image so-widget-sow-image-default-8b5b6f678277-2150\"\n\t\t\t\n\t\t>\n<div class=\"sow-image-container\">\n\t\t\t<a href=\"https:\/\/csmb.prefeitura.sp.gov.br\/index.php\/linha-do-tempo-biblioteca-infanto-juvenil-ramais\/\"\n\t\t\ttarget=\"_blank\" rel=\"noopener noreferrer\" \t\t>\n\t\t\t<img \n\tsrc=\"https:\/\/csmb.prefeitura.sp.gov.br\/wp-content\/uploads\/2021\/07\/BIJ1930.jpeg\" width=\"579\" height=\"101\" srcset=\"https:\/\/csmb.prefeitura.sp.gov.br\/wp-content\/uploads\/2021\/07\/BIJ1930.jpeg 579w, https:\/\/csmb.prefeitura.sp.gov.br\/wp-content\/uploads\/2021\/07\/BIJ1930-300x52.jpeg 300w, https:\/\/csmb.prefeitura.sp.gov.br\/wp-content\/uploads\/2021\/07\/BIJ1930-344x60.jpeg 344w\" sizes=\"(max-width: 579px) 100vw, 579px\" title=\"Linha do tempo BIJ1930\" alt=\"\" \t\tclass=\"so-widget-image\"\/>\n\t\t\t<\/a><\/div>\n\n<\/div><\/div><\/div><div id=\"pgc-gb2150-6a06cbe68455d-0-1\"  class=\"panel-grid-cell\" ><div id=\"panel-gb2150-6a06cbe68455d-0-1-0\" class=\"so-panel widget widget_sow-image panel-first-child panel-last-child\" data-index=\"1\" ><div\n\t\t\t\n\t\t\tclass=\"so-widget-sow-image so-widget-sow-image-default-8b5b6f678277-2150\"\n\t\t\t\n\t\t>\n<div class=\"sow-image-container\">\n\t\t\t<a href=\"https:\/\/csmb.prefeitura.sp.gov.br\/index.php\/time-line-inicio\/\"\n\t\t\ttarget=\"_blank\" rel=\"noopener noreferrer\" \t\t>\n\t\t\t<img \n\tsrc=\"https:\/\/csmb.prefeitura.sp.gov.br\/wp-content\/uploads\/2021\/07\/BP1930.jpeg\" width=\"577\" height=\"98\" srcset=\"https:\/\/csmb.prefeitura.sp.gov.br\/wp-content\/uploads\/2021\/07\/BP1930.jpeg 577w, https:\/\/csmb.prefeitura.sp.gov.br\/wp-content\/uploads\/2021\/07\/BP1930-300x51.jpeg 300w, https:\/\/csmb.prefeitura.sp.gov.br\/wp-content\/uploads\/2021\/07\/BP1930-353x60.jpeg 353w\" sizes=\"(max-width: 577px) 100vw, 577px\" title=\"Linha do tempo BP1930\" alt=\"\" \t\tclass=\"so-widget-image\"\/>\n\t\t\t<\/a><\/div>\n\n<\/div><\/div><\/div><\/div><\/div>","protected":false},"excerpt":{"rendered":"<p>Se nos anos de 1920, as express\u00f5es Sala de Leitura Populares ou Bibliotecas Circulantes eram utilizadas nos documentos que planejavam a futura rede, termos como Bibliotecas Populares ou Livrarias Populares, ganham artigos na imprensa paulistana nos anos de 1930. Em 21 de abril de 1933, &hellip; <\/p>\n","protected":false},"author":2,"featured_media":0,"parent":0,"menu_order":0,"comment_status":"closed","ping_status":"closed","template":"","meta":{"footnotes":""},"class_list":["post-2150","page","type-page","status-publish","hentry"],"_links":{"self":[{"href":"https:\/\/csmb.prefeitura.sp.gov.br\/index.php\/wp-json\/wp\/v2\/pages\/2150","targetHints":{"allow":["GET"]}}],"collection":[{"href":"https:\/\/csmb.prefeitura.sp.gov.br\/index.php\/wp-json\/wp\/v2\/pages"}],"about":[{"href":"https:\/\/csmb.prefeitura.sp.gov.br\/index.php\/wp-json\/wp\/v2\/types\/page"}],"author":[{"embeddable":true,"href":"https:\/\/csmb.prefeitura.sp.gov.br\/index.php\/wp-json\/wp\/v2\/users\/2"}],"replies":[{"embeddable":true,"href":"https:\/\/csmb.prefeitura.sp.gov.br\/index.php\/wp-json\/wp\/v2\/comments?post=2150"}],"version-history":[{"count":4,"href":"https:\/\/csmb.prefeitura.sp.gov.br\/index.php\/wp-json\/wp\/v2\/pages\/2150\/revisions"}],"predecessor-version":[{"id":2886,"href":"https:\/\/csmb.prefeitura.sp.gov.br\/index.php\/wp-json\/wp\/v2\/pages\/2150\/revisions\/2886"}],"wp:attachment":[{"href":"https:\/\/csmb.prefeitura.sp.gov.br\/index.php\/wp-json\/wp\/v2\/media?parent=2150"}],"curies":[{"name":"wp","href":"https:\/\/api.w.org\/{rel}","templated":true}]}}