{"id":2108,"date":"2021-05-27T11:47:32","date_gmt":"2021-05-27T14:47:32","guid":{"rendered":"https:\/\/csmb.prefeitura.sp.gov.br\/?page_id=2108"},"modified":"2021-06-07T15:13:41","modified_gmt":"2021-06-07T18:13:41","slug":"assessores","status":"publish","type":"page","link":"https:\/\/csmb.prefeitura.sp.gov.br\/index.php\/assessores\/","title":{"rendered":"Assessoras e Assessores"},"content":{"rendered":"<div id=\"pl-gb2108-6a06b0c42c3b4\"  class=\"panel-layout\" ><div id=\"pg-gb2108-6a06b0c42c3b4-0\"  class=\"panel-grid panel-no-style\" ><div id=\"pgc-gb2108-6a06b0c42c3b4-0-0\"  class=\"panel-grid-cell panel-grid-cell-mobile-last\" ><div id=\"panel-gb2108-6a06b0c42c3b4-0-0-0\" class=\"so-panel widget widget_sow-editor panel-first-child panel-last-child\" data-index=\"0\" ><div\n\t\t\t\n\t\t\tclass=\"so-widget-sow-editor so-widget-sow-editor-base\"\n\t\t\t\n\t\t>\n<div class=\"siteorigin-widget-tinymce textwidget\">\n\t<p><span style=\"vertical-align: inherit;\"><span class=\"\" style=\"vertical-align: inherit;\"><iframe loading=\"lazy\"  id=\"_ytid_30106\"  width=\"450\" height=\"250\"  data-origwidth=\"450\" data-origheight=\"250\" src=\"https:\/\/www.youtube.com\/embed\/bRuCuc52ek8?enablejsapi=1&#038;autoplay=0&#038;cc_load_policy=0&#038;cc_lang_pref=&#038;iv_load_policy=1&#038;loop=0&#038;rel=1&#038;fs=1&#038;playsinline=0&#038;autohide=2&#038;theme=dark&#038;color=red&#038;controls=1&#038;disablekb=0&#038;\" class=\"__youtube_prefs__  no-lazyload\" title=\"Entrevista com Dimas Alberto de Souza Silva\"  allow=\"fullscreen; accelerometer; autoplay; clipboard-write; encrypted-media; gyroscope; picture-in-picture; web-share\" referrerpolicy=\"strict-origin-when-cross-origin\" allowfullscreen data-no-lazy=\"1\" data-skipgform_ajax_framebjll=\"\"><\/iframe><\/span><\/span><\/p>\n<p><strong>Dimas Alberto de Souza Silva<\/strong> \u00e9 bibliotec\u00e1rio formado em Biblioteconomia e Documenta\u00e7\u00e3o pela Funda\u00e7\u00e3o Escola de Sociologia e Pol\u00edtica de S\u00e3o Paulo em 1981 e p\u00f3s-graduando em Gest\u00e3o P\u00fablica pela Universidade de Mogi das Cruzes em 2011. Trabalhou na iniciativa privada, \u00f3rg\u00e3os do governo e entrou para o Departamento de Bibliotecas P\u00fablicas em 1992 onde trabalhou nas Se\u00e7\u00f5es de Cataloga\u00e7\u00e3o, Classifica\u00e7\u00e3o, Doa\u00e7\u00f5es e Baixas. Foi Diretor de Planejamento de Bibliotecas P\u00fablicas em 2001. Foi um dos criadores do Projeto Pontos de Leitura da Cidade de S\u00e3o Paulo, projeto que em 2008 foi premiado na categoria social da Inova\u00e7\u00e3o em Gest\u00e3o P\u00fablica. Trabalhou no setor de Planejamento e Normas da Coordenadoria do Sistema Municipal de Bibliotecas e a partir de 2013 na biblioteca do Tribunal de Contas do Munic\u00edpio de S\u00e3o Paulo at\u00e9 2016, quando se aposentou.<\/p>\n<\/div>\n<\/div><\/div><\/div><div id=\"pgc-gb2108-6a06b0c42c3b4-0-1\"  class=\"panel-grid-cell panel-grid-cell-empty\" ><\/div><\/div><div id=\"pg-gb2108-6a06b0c42c3b4-1\"  class=\"panel-grid panel-no-style\" ><div id=\"pgc-gb2108-6a06b0c42c3b4-1-0\"  class=\"panel-grid-cell\" ><div id=\"panel-gb2108-6a06b0c42c3b4-1-0-0\" class=\"so-panel widget widget_sow-editor panel-first-child panel-last-child\" data-index=\"1\" ><div\n\t\t\t\n\t\t\tclass=\"so-widget-sow-editor so-widget-sow-editor-base\"\n\t\t\t\n\t\t>\n<div class=\"siteorigin-widget-tinymce textwidget\">\n\t<p><span style=\"vertical-align: inherit;\"><span class=\"\" style=\"vertical-align: inherit;\">Cr\u00e9ditos: Diretora-geral de CSMB: Raquel da Silva Oliveira. Colabora\u00e7\u00e3o e cria\u00e7\u00e3o Site Hist\u00f3rico CSMB: Alexandre Miyazato, Bruno Silva dos Santos, Claudio Roberto da Silva, Danilo Fermino Ribeiro, Juliana da Silva Santiago, Laura Junqueira Caldas, L\u00edcia Pupo De Paula, Pepe Andrade. Dire\u00e7\u00e3o t\u00e9cnica e edi\u00e7\u00e3o final (\u00e1udio e v\u00eddeo) Ded\u00e9 Vieira.<\/span><\/span><\/p>\n<\/div>\n<\/div><\/div><\/div><\/div><\/div>","protected":false},"excerpt":{"rendered":"<p>Dimas Alberto de Souza Silva \u00e9 bibliotec\u00e1rio formado em Biblioteconomia e Documenta\u00e7\u00e3o pela Funda\u00e7\u00e3o Escola de Sociologia e Pol\u00edtica de S\u00e3o Paulo em 1981 e p\u00f3s-graduando em Gest\u00e3o P\u00fablica pela Universidade de Mogi das Cruzes em 2011. Trabalhou na iniciativa privada, \u00f3rg\u00e3os do governo e &hellip; <\/p>\n","protected":false},"author":2,"featured_media":0,"parent":0,"menu_order":0,"comment_status":"closed","ping_status":"closed","template":"","meta":{"footnotes":""},"class_list":["post-2108","page","type-page","status-publish","hentry"],"_links":{"self":[{"href":"https:\/\/csmb.prefeitura.sp.gov.br\/index.php\/wp-json\/wp\/v2\/pages\/2108","targetHints":{"allow":["GET"]}}],"collection":[{"href":"https:\/\/csmb.prefeitura.sp.gov.br\/index.php\/wp-json\/wp\/v2\/pages"}],"about":[{"href":"https:\/\/csmb.prefeitura.sp.gov.br\/index.php\/wp-json\/wp\/v2\/types\/page"}],"author":[{"embeddable":true,"href":"https:\/\/csmb.prefeitura.sp.gov.br\/index.php\/wp-json\/wp\/v2\/users\/2"}],"replies":[{"embeddable":true,"href":"https:\/\/csmb.prefeitura.sp.gov.br\/index.php\/wp-json\/wp\/v2\/comments?post=2108"}],"version-history":[{"count":0,"href":"https:\/\/csmb.prefeitura.sp.gov.br\/index.php\/wp-json\/wp\/v2\/pages\/2108\/revisions"}],"wp:attachment":[{"href":"https:\/\/csmb.prefeitura.sp.gov.br\/index.php\/wp-json\/wp\/v2\/media?parent=2108"}],"curies":[{"name":"wp","href":"https:\/\/api.w.org\/{rel}","templated":true}]}}