{"id":1543,"date":"2021-02-18T22:34:45","date_gmt":"2021-02-19T00:34:45","guid":{"rendered":"https:\/\/csmb.prefeitura.sp.gov.br\/?page_id=1543"},"modified":"2025-10-03T06:42:02","modified_gmt":"2025-10-03T09:42:02","slug":"home-page","status":"publish","type":"page","link":"https:\/\/csmb.prefeitura.sp.gov.br\/","title":{"rendered":"Home-Page-Nao-Mexer"},"content":{"rendered":"\n<div id=\"search-1\" class=\"wp-block-group search is-content-justification-center is-nowrap is-layout-flex wp-container-core-group-is-layout-94bc23d7 wp-block-group-is-layout-flex\">\n<div class=\"wp-block-group\"><div class=\"wp-block-group__inner-container is-layout-constrained wp-block-group-is-layout-constrained\"><\/div><\/div>\n<\/div>\n\n\n\n<p><\/p>\n\n\n<div id=\"pl-gb1543-6a0653bc9e51f\"  class=\"panel-layout wp-block-siteorigin-panels-layout-block\" ><div id=\"pg-gb1543-6a0653bc9e51f-0\"  class=\"panel-grid panel-has-style\" ><div class=\"siteorigin-panels-stretch panel-row-style panel-row-style-for-gb1543-6a0653bc9e51f-0\" data-stretch-type=\"full-width-stretch\" ><div id=\"pgc-gb1543-6a0653bc9e51f-0-0\"  class=\"panel-grid-cell\" ><div id=\"panel-gb1543-6a0653bc9e51f-0-0-0\" class=\"so-panel widget widget_sow-image panel-first-child panel-last-child\" data-index=\"0\" ><div\n\t\t\t\n\t\t\tclass=\"so-widget-sow-image so-widget-sow-image-default-8b5b6f678277-1543\"\n\t\t\t\n\t\t>\n<div class=\"sow-image-container\">\n\t\t<img \n\tsrc=\"https:\/\/csmb.prefeitura.sp.gov.br\/wp-content\/uploads\/2021\/02\/Grade-Bibliotecas.png\" width=\"1532\" height=\"1196\" srcset=\"https:\/\/csmb.prefeitura.sp.gov.br\/wp-content\/uploads\/2021\/02\/Grade-Bibliotecas.png 1532w, https:\/\/csmb.prefeitura.sp.gov.br\/wp-content\/uploads\/2021\/02\/Grade-Bibliotecas-300x234.png 300w, https:\/\/csmb.prefeitura.sp.gov.br\/wp-content\/uploads\/2021\/02\/Grade-Bibliotecas-1024x799.png 1024w, https:\/\/csmb.prefeitura.sp.gov.br\/wp-content\/uploads\/2021\/02\/Grade-Bibliotecas-768x600.png 768w, https:\/\/csmb.prefeitura.sp.gov.br\/wp-content\/uploads\/2021\/02\/Grade-Bibliotecas-77x60.png 77w\" sizes=\"(max-width: 1532px) 100vw, 1532px\" title=\"Grade Bibliotecas\" alt=\"Grade Bibliotecas\" \t\tclass=\"so-widget-image\"\/>\n\t<\/div>\n\n<\/div><\/div><\/div><div id=\"pgc-gb1543-6a0653bc9e51f-0-1\"  class=\"panel-grid-cell\" ><div id=\"panel-gb1543-6a0653bc9e51f-0-1-0\" class=\"so-panel widget widget_sow-editor panel-first-child\" data-index=\"1\" ><div class=\"panel-widget-style panel-widget-style-for-gb1543-6a0653bc9e51f-0-1-0\" ><div\n\t\t\t\n\t\t\tclass=\"so-widget-sow-editor so-widget-sow-editor-base\"\n\t\t\t\n\t\t><h3 class=\"widget-title\">Janelas de uma \u00e9poca<\/h3>\n<div class=\"siteorigin-widget-tinymce textwidget\">\n\t<p style=\"text-align: justify;\">Nos anos de 1920 j\u00e1 havia propostas documentadas para expans\u00e3o de bibliotecas em bairros da cidade, que apesar de n\u00e3o terem sido executadas, revelam a exist\u00eancia de um projeto de crescimento cultural da rede para a periferia de S\u00e3o Paulo.<br \/>\nO primeiro registro se refere a um projeto escrito por Eurico de G\u00f3es, primeiro diretor da Biblioteca P\u00fablica Municipal.<\/p>\n<h4 style=\"text-align: center;\"><em><strong><a href=\"https:\/\/csmb.prefeitura.sp.gov.br\/index.php\/janela1920\/\" target=\"_blank\" rel=\"noopener noreferrer\">Saiba mais<\/a><\/strong><\/em><\/h4>\n<\/div>\n<\/div><\/div><\/div><div id=\"panel-gb1543-6a0653bc9e51f-0-1-1\" class=\"so-panel widget widget_sow-editor panel-last-child\" data-index=\"2\" ><div\n\t\t\t\n\t\t\tclass=\"so-widget-sow-editor so-widget-sow-editor-base\"\n\t\t\t\n\t\t><h3 class=\"widget-title\">Hist\u00f3rico do Projeto<\/h3>\n<div class=\"siteorigin-widget-tinymce textwidget\">\n\t<p>O projeto colaborativo Site Hist\u00f3rico CSMB foi realizado por um grupo de trabalho que surgiu com a articula\u00e7\u00e3o de profissionais, estagi\u00e1rios e jovens monitores culturais atuantes na Coordena\u00e7\u00e3o do Sistema Municipal de Bibliotecas (CSMB). Em meados de 2019 a coordena\u00e7\u00e3o geral de CSMB lan\u00e7ou a proposta de cria\u00e7\u00e3o de um website que apresentasse a hist\u00f3ria deste \u00f3rg\u00e3o, recuperando o desenvolvimento das redes de bibliotecas p\u00fablicas ramais e infanto-juvenis da cidade que ao se unificarem em 2005 deram origem \u00e0 CSMB.<\/p>\n<h4 style=\"text-align: center;\"><em><strong><a href=\"https:\/\/csmb.prefeitura.sp.gov.br\/index.php\/quem-somos\/\" target=\"_blank\" rel=\"noopener noreferrer\">Saiba mais<\/a><\/strong><\/em><\/h4>\n<\/div>\n<\/div><\/div><\/div><\/div><\/div><div id=\"pg-gb1543-6a0653bc9e51f-1\"  class=\"panel-grid panel-has-style\" ><div class=\"siteorigin-panels-stretch panel-row-style panel-row-style-for-gb1543-6a0653bc9e51f-1\" data-stretch-type=\"full-width-stretch\" ><div id=\"pgc-gb1543-6a0653bc9e51f-1-0\"  class=\"panel-grid-cell\" ><div id=\"panel-gb1543-6a0653bc9e51f-1-0-0\" class=\"so-panel widget widget_sow-editor panel-first-child panel-last-child\" data-index=\"3\" ><div\n\t\t\t\n\t\t\tclass=\"so-widget-sow-editor so-widget-sow-editor-base\"\n\t\t\t\n\t\t><h3 class=\"widget-title\">EVOLU\u00c7\u00c3O DAS BIBLIOTECAS DE BAIRRO<\/h3>\n<div class=\"siteorigin-widget-tinymce textwidget\">\n\t<\/div>\n<\/div><\/div><\/div><\/div><\/div><div id=\"pg-gb1543-6a0653bc9e51f-2\"  class=\"panel-grid panel-has-style\" ><div class=\"siteorigin-panels-stretch panel-row-style panel-row-style-for-gb1543-6a0653bc9e51f-2\" data-stretch-type=\"full-width-stretch\" ><div id=\"pgc-gb1543-6a0653bc9e51f-2-0\"  class=\"panel-grid-cell\" ><div id=\"panel-gb1543-6a0653bc9e51f-2-0-0\" class=\"so-panel widget widget_sow-image panel-first-child panel-last-child\" data-index=\"4\" ><div\n\t\t\t\n\t\t\tclass=\"so-widget-sow-image so-widget-sow-image-default-113ccd71f3e6-1543\"\n\t\t\t\n\t\t>\n<div class=\"sow-image-container\">\n\t\t\t<a href=\"https:\/\/csmb.prefeitura.sp.gov.br\/index.php\/time-line-inicio\/\"\n\t\t\ttarget=\"_blank\" rel=\"noopener noreferrer\" \t\t>\n\t\t\t<img \n\tsrc=\"https:\/\/csmb.prefeitura.sp.gov.br\/wp-content\/uploads\/2021\/09\/Icone-BP-1.png\" width=\"180\" height=\"224\" srcset=\"https:\/\/csmb.prefeitura.sp.gov.br\/wp-content\/uploads\/2021\/09\/Icone-BP-1.png 180w, https:\/\/csmb.prefeitura.sp.gov.br\/wp-content\/uploads\/2021\/09\/Icone-BP-1-48x60.png 48w\" sizes=\"(max-width: 180px) 100vw, 180px\" title=\"BP\" alt=\"BP\" \t\tclass=\"so-widget-image\"\/>\n\t\t\t<\/a><\/div>\n\n<\/div><\/div><\/div><div id=\"pgc-gb1543-6a0653bc9e51f-2-1\"  class=\"panel-grid-cell\" ><div id=\"panel-gb1543-6a0653bc9e51f-2-1-0\" class=\"so-panel widget widget_sow-image panel-first-child panel-last-child\" data-index=\"5\" ><div\n\t\t\t\n\t\t\tclass=\"so-widget-sow-image so-widget-sow-image-default-113ccd71f3e6-1543\"\n\t\t\t\n\t\t>\n<div class=\"sow-image-container\">\n\t\t\t<a href=\"https:\/\/csmb.prefeitura.sp.gov.br\/index.php\/linha-do-tempo\/\"\n\t\t\t\t\t>\n\t\t\t<img \n\tsrc=\"https:\/\/csmb.prefeitura.sp.gov.br\/wp-content\/uploads\/2021\/09\/Icone-Linhas-do-tempo.png\" width=\"193\" height=\"205\" srcset=\"https:\/\/csmb.prefeitura.sp.gov.br\/wp-content\/uploads\/2021\/09\/Icone-Linhas-do-tempo.png 193w, https:\/\/csmb.prefeitura.sp.gov.br\/wp-content\/uploads\/2021\/09\/Icone-Linhas-do-tempo-56x60.png 56w\" sizes=\"(max-width: 193px) 100vw, 193px\" title=\"Linhas do tempo\" alt=\"Linhas do tempo\" \t\tclass=\"so-widget-image\"\/>\n\t\t\t<\/a><\/div>\n\n<\/div><\/div><\/div><div id=\"pgc-gb1543-6a0653bc9e51f-2-2\"  class=\"panel-grid-cell\" ><div id=\"panel-gb1543-6a0653bc9e51f-2-2-0\" class=\"so-panel widget widget_sow-image panel-first-child panel-last-child\" data-index=\"6\" ><div\n\t\t\t\n\t\t\tclass=\"so-widget-sow-image so-widget-sow-image-default-113ccd71f3e6-1543\"\n\t\t\t\n\t\t>\n<div class=\"sow-image-container\">\n\t\t\t<a href=\"https:\/\/csmb.prefeitura.sp.gov.br\/index.php\/linha-do-tempo-biblioteca-infanto-juvenil-ramais\/\"\n\t\t\ttarget=\"_blank\" rel=\"noopener noreferrer\" \t\t>\n\t\t\t<img \n\tsrc=\"https:\/\/csmb.prefeitura.sp.gov.br\/wp-content\/uploads\/2021\/09\/Icone-BIJ-1.png\" width=\"230\" height=\"224\" srcset=\"https:\/\/csmb.prefeitura.sp.gov.br\/wp-content\/uploads\/2021\/09\/Icone-BIJ-1.png 230w, https:\/\/csmb.prefeitura.sp.gov.br\/wp-content\/uploads\/2021\/09\/Icone-BIJ-1-62x60.png 62w\" sizes=\"(max-width: 230px) 100vw, 230px\" title=\"BIJ\" alt=\"BIJ\" \t\tclass=\"so-widget-image\"\/>\n\t\t\t<\/a><\/div>\n\n<\/div><\/div><\/div><\/div><\/div><div id=\"pg-gb1543-6a0653bc9e51f-3\"  class=\"panel-grid panel-no-style\" ><div id=\"pgc-gb1543-6a0653bc9e51f-3-0\"  class=\"panel-grid-cell\" ><div id=\"panel-gb1543-6a0653bc9e51f-3-0-0\" class=\"so-panel widget widget_sow-editor panel-first-child panel-last-child\" data-index=\"7\" ><div\n\t\t\t\n\t\t\tclass=\"so-widget-sow-editor so-widget-sow-editor-base\"\n\t\t\t\n\t\t>\n<div class=\"siteorigin-widget-tinymce textwidget\">\n\t<p>&nbsp;<\/p>\n<p>&nbsp;<\/p>\n<\/div>\n<\/div><\/div><\/div><\/div><div id=\"pg-gb1543-6a0653bc9e51f-4\"  class=\"panel-grid panel-has-style\" ><div class=\"siteorigin-panels-stretch panel-row-style panel-row-style-for-gb1543-6a0653bc9e51f-4\" data-stretch-type=\"full-width-stretch\" ><div id=\"pgc-gb1543-6a0653bc9e51f-4-0\"  class=\"panel-grid-cell\" ><div id=\"panel-gb1543-6a0653bc9e51f-4-0-0\" class=\"so-panel widget widget_sow-image panel-first-child panel-last-child\" data-index=\"8\" ><div\n\t\t\t\n\t\t\tclass=\"so-widget-sow-image so-widget-sow-image-default-c67d20f9f743-1543\"\n\t\t\t\n\t\t>\n<div class=\"sow-image-container\">\n\t\t\t<a href=\"https:\/\/csmb.prefeitura.sp.gov.br\/index.php\/janelas-de-uma-epoca\/\"\n\t\t\ttarget=\"_blank\" rel=\"noopener noreferrer\" \t\t>\n\t\t\t<img \n\tsrc=\"https:\/\/csmb.prefeitura.sp.gov.br\/wp-content\/uploads\/2021\/08\/Janelas-de-uma-epoca.png\" width=\"192\" height=\"141\" srcset=\"https:\/\/csmb.prefeitura.sp.gov.br\/wp-content\/uploads\/2021\/08\/Janelas-de-uma-epoca.png 192w, https:\/\/csmb.prefeitura.sp.gov.br\/wp-content\/uploads\/2021\/08\/Janelas-de-uma-epoca-82x60.png 82w\" sizes=\"(max-width: 192px) 100vw, 192px\" title=\"Janelas de uma \u00e9poca\" alt=\"Janelas de uma \u00e9poca\" \t\tclass=\"so-widget-image\"\/>\n\t\t\t<\/a><\/div>\n\n<\/div><\/div><\/div><div id=\"pgc-gb1543-6a0653bc9e51f-4-1\"  class=\"panel-grid-cell panel-grid-cell-empty\" ><\/div><div id=\"pgc-gb1543-6a0653bc9e51f-4-2\"  class=\"panel-grid-cell\" ><div id=\"panel-gb1543-6a0653bc9e51f-4-2-0\" class=\"so-panel widget widget_sow-image panel-first-child panel-last-child\" data-index=\"9\" ><div\n\t\t\t\n\t\t\tclass=\"so-widget-sow-image so-widget-sow-image-default-c67d20f9f743-1543\"\n\t\t\t\n\t\t>\n<div class=\"sow-image-container\">\n\t\t\t<a href=\"https:\/\/csmb.prefeitura.sp.gov.br\/index.php\/entrevistas-2\/\"\n\t\t\t\t\t>\n\t\t\t<img \n\tsrc=\"https:\/\/csmb.prefeitura.sp.gov.br\/wp-content\/uploads\/2021\/08\/Entrevistas.png\" width=\"174\" height=\"118\" srcset=\"https:\/\/csmb.prefeitura.sp.gov.br\/wp-content\/uploads\/2021\/08\/Entrevistas.png 174w, https:\/\/csmb.prefeitura.sp.gov.br\/wp-content\/uploads\/2021\/08\/Entrevistas-88x60.png 88w\" sizes=\"(max-width: 174px) 100vw, 174px\" title=\"Entrevistas\" alt=\"Entrevistas\" \t\tclass=\"so-widget-image\"\/>\n\t\t\t<\/a><\/div>\n\n<\/div><\/div><\/div><\/div><\/div><div id=\"pg-gb1543-6a0653bc9e51f-5\"  class=\"panel-grid panel-has-style\" ><div class=\"siteorigin-panels-stretch panel-row-style panel-row-style-for-gb1543-6a0653bc9e51f-5\" data-stretch-type=\"full-width-stretch\" ><div id=\"pgc-gb1543-6a0653bc9e51f-5-0\"  class=\"panel-grid-cell\" ><div id=\"panel-gb1543-6a0653bc9e51f-5-0-0\" class=\"so-panel widget widget_sow-editor panel-first-child panel-last-child\" data-index=\"10\" ><div\n\t\t\t\n\t\t\tclass=\"so-widget-sow-editor so-widget-sow-editor-base\"\n\t\t\t\n\t\t>\n<div class=\"siteorigin-widget-tinymce textwidget\">\n\t<p>&nbsp;<\/p>\n<p>&nbsp;<\/p>\n<\/div>\n<\/div><\/div><\/div><\/div><\/div><div id=\"pg-gb1543-6a0653bc9e51f-6\"  class=\"panel-grid panel-has-style\" ><div class=\"siteorigin-panels-stretch panel-row-style panel-row-style-for-gb1543-6a0653bc9e51f-6\" data-stretch-type=\"full-width-stretch\" ><div id=\"pgc-gb1543-6a0653bc9e51f-6-0\"  class=\"panel-grid-cell\" ><div id=\"panel-gb1543-6a0653bc9e51f-6-0-0\" class=\"so-panel widget widget_sow-image panel-first-child panel-last-child\" data-index=\"11\" ><div\n\t\t\t\n\t\t\tclass=\"so-widget-sow-image so-widget-sow-image-default-c67d20f9f743-1543\"\n\t\t\t\n\t\t>\n<div class=\"sow-image-container\">\n\t\t\t<a href=\"https:\/\/csmb.prefeitura.sp.gov.br\/index.php\/perssonagens-dessas-bibliotecas\/\"\n\t\t\ttarget=\"_blank\" rel=\"noopener noreferrer\" \t\t>\n\t\t\t<img \n\tsrc=\"https:\/\/csmb.prefeitura.sp.gov.br\/wp-content\/uploads\/2021\/09\/Icone-Personagens-das-bibliotecas.png\" width=\"192\" height=\"142\" srcset=\"https:\/\/csmb.prefeitura.sp.gov.br\/wp-content\/uploads\/2021\/09\/Icone-Personagens-das-bibliotecas.png 192w, https:\/\/csmb.prefeitura.sp.gov.br\/wp-content\/uploads\/2021\/09\/Icone-Personagens-das-bibliotecas-81x60.png 81w\" sizes=\"(max-width: 192px) 100vw, 192px\" title=\"Personagens das bibliotecas\" alt=\"Personagens das bibliotecas\" \t\tclass=\"so-widget-image\"\/>\n\t\t\t<\/a><\/div>\n\n<\/div><\/div><\/div><div id=\"pgc-gb1543-6a0653bc9e51f-6-1\"  class=\"panel-grid-cell\" ><div id=\"panel-gb1543-6a0653bc9e51f-6-1-0\" class=\"so-panel widget widget_sow-image panel-first-child panel-last-child\" data-index=\"12\" ><div\n\t\t\t\n\t\t\tclass=\"so-widget-sow-image so-widget-sow-image-default-c67d20f9f743-1543\"\n\t\t\t\n\t\t>\n<div class=\"sow-image-container\">\n\t\t\t<a href=\"https:\/\/csmb.prefeitura.sp.gov.br\/index.php\/organogramas\/\"\n\t\t\t\t\t>\n\t\t\t<img \n\tsrc=\"https:\/\/csmb.prefeitura.sp.gov.br\/wp-content\/uploads\/2021\/09\/Organogramas.png\" width=\"222\" height=\"140\" srcset=\"https:\/\/csmb.prefeitura.sp.gov.br\/wp-content\/uploads\/2021\/09\/Organogramas.png 222w, https:\/\/csmb.prefeitura.sp.gov.br\/wp-content\/uploads\/2021\/09\/Organogramas-95x60.png 95w\" sizes=\"(max-width: 222px) 100vw, 222px\" title=\"Organogramas\" alt=\"Organogramas\" \t\tclass=\"so-widget-image\"\/>\n\t\t\t<\/a><\/div>\n\n<\/div><\/div><\/div><div id=\"pgc-gb1543-6a0653bc9e51f-6-2\"  class=\"panel-grid-cell\" ><div id=\"panel-gb1543-6a0653bc9e51f-6-2-0\" class=\"so-panel widget widget_sow-image panel-first-child panel-last-child\" data-index=\"13\" ><div\n\t\t\t\n\t\t\tclass=\"so-widget-sow-image so-widget-sow-image-default-c67d20f9f743-1543\"\n\t\t\t\n\t\t>\n<div class=\"sow-image-container\">\n\t\t\t<a href=\"https:\/\/csmb.prefeitura.sp.gov.br\/index.php\/contato\/\"\n\t\t\ttarget=\"_blank\" rel=\"noopener noreferrer\" \t\t>\n\t\t\t<img \n\tsrc=\"https:\/\/csmb.prefeitura.sp.gov.br\/wp-content\/uploads\/2021\/09\/Icone-Contatos.png\" width=\"134\" height=\"139\" srcset=\"https:\/\/csmb.prefeitura.sp.gov.br\/wp-content\/uploads\/2021\/09\/Icone-Contatos.png 134w, https:\/\/csmb.prefeitura.sp.gov.br\/wp-content\/uploads\/2021\/09\/Icone-Contatos-58x60.png 58w\" sizes=\"(max-width: 134px) 100vw, 134px\" title=\"Contatos\" alt=\"Contatos\" \t\tclass=\"so-widget-image\"\/>\n\t\t\t<\/a><\/div>\n\n<\/div><\/div><\/div><\/div><\/div><\/div>","protected":false},"excerpt":{"rendered":"","protected":false},"author":2,"featured_media":0,"parent":0,"menu_order":0,"comment_status":"closed","ping_status":"closed","template":"","meta":{"footnotes":""},"class_list":["post-1543","page","type-page","status-publish","hentry"],"_links":{"self":[{"href":"https:\/\/csmb.prefeitura.sp.gov.br\/index.php\/wp-json\/wp\/v2\/pages\/1543","targetHints":{"allow":["GET"]}}],"collection":[{"href":"https:\/\/csmb.prefeitura.sp.gov.br\/index.php\/wp-json\/wp\/v2\/pages"}],"about":[{"href":"https:\/\/csmb.prefeitura.sp.gov.br\/index.php\/wp-json\/wp\/v2\/types\/page"}],"author":[{"embeddable":true,"href":"https:\/\/csmb.prefeitura.sp.gov.br\/index.php\/wp-json\/wp\/v2\/users\/2"}],"replies":[{"embeddable":true,"href":"https:\/\/csmb.prefeitura.sp.gov.br\/index.php\/wp-json\/wp\/v2\/comments?post=1543"}],"version-history":[{"count":41,"href":"https:\/\/csmb.prefeitura.sp.gov.br\/index.php\/wp-json\/wp\/v2\/pages\/1543\/revisions"}],"predecessor-version":[{"id":3188,"href":"https:\/\/csmb.prefeitura.sp.gov.br\/index.php\/wp-json\/wp\/v2\/pages\/1543\/revisions\/3188"}],"wp:attachment":[{"href":"https:\/\/csmb.prefeitura.sp.gov.br\/index.php\/wp-json\/wp\/v2\/media?parent=1543"}],"curies":[{"name":"wp","href":"https:\/\/api.w.org\/{rel}","templated":true}]}}