  
{"id":1290,"date":"2020-12-08T20:44:45","date_gmt":"2020-12-08T22:44:45","guid":{"rendered":"https:\/\/csmb.prefeitura.sp.gov.br\/?page_id=1290"},"modified":"2022-02-08T16:11:53","modified_gmt":"2022-02-08T18:11:53","slug":"entrevistas","status":"publish","type":"page","link":"https:\/\/csmb.prefeitura.sp.gov.br\/index.php\/entrevistas\/","title":{"rendered":"Diretoras e Diretores"},"content":{"rendered":"<div id=\"pl-gb1290-69e37fe5a364d\"  class=\"panel-layout\" ><div id=\"pg-gb1290-69e37fe5a364d-0\"  class=\"panel-grid panel-no-style\" ><div id=\"pgc-gb1290-69e37fe5a364d-0-0\"  class=\"panel-grid-cell\" ><div id=\"panel-gb1290-69e37fe5a364d-0-0-0\" class=\"so-panel widget widget_sow-editor panel-first-child panel-last-child\" data-index=\"0\" ><div\n\t\t\t\n\t\t\tclass=\"so-widget-sow-editor so-widget-sow-editor-base\"\n\t\t\t\n\t\t>\n<div class=\"siteorigin-widget-tinymce textwidget\">\n\t<p><iframe loading=\"lazy\"  id=\"_ytid_44357\"  width=\"450\" height=\"250\"  data-origwidth=\"450\" data-origheight=\"250\" src=\"https:\/\/www.youtube.com\/embed\/lcbvTxPJEF8?enablejsapi=1&#038;autoplay=0&#038;cc_load_policy=0&#038;cc_lang_pref=&#038;iv_load_policy=1&#038;loop=0&#038;rel=1&#038;fs=1&#038;playsinline=0&#038;autohide=2&#038;theme=dark&#038;color=red&#038;controls=1&#038;disablekb=0&#038;\" class=\"__youtube_prefs__  no-lazyload\" title=\"Entrevista com Raquel da Silva Oliveira\"  allow=\"fullscreen; accelerometer; autoplay; clipboard-write; encrypted-media; gyroscope; picture-in-picture; web-share\" referrerpolicy=\"strict-origin-when-cross-origin\" allowfullscreen data-no-lazy=\"1\" data-skipgform_ajax_framebjll=\"\"><\/iframe><\/span><\/span><\/p>\n<p><span class=\"style-scope yt-formatted-string\" dir=\"auto\"><strong>Raquel da Silva Oliveira<\/strong> \u00e9 Mestre em Educa\u00e7\u00e3o, p\u00f3s graduada em Gest\u00e3o de Projetos Culturais e Eventos, Bibliotec\u00e1ria e Pedagoga. Professora nas \u00e1reas de gest\u00e3o e habilidades gerenciais, gest\u00e3o de projetos e metodologia cient\u00edfica. Atualmente coordena a Coordena\u00e7\u00e3o Geral do Sistema Municipal de bibliotecas de S\u00e3o Paulo. Esta entrevista faz parte do projeto do site hist\u00f3rico de CSMB.<\/span><\/p>\n<\/div>\n<\/div><\/div><\/div><div id=\"pgc-gb1290-69e37fe5a364d-0-1\"  class=\"panel-grid-cell\" ><div id=\"panel-gb1290-69e37fe5a364d-0-1-0\" class=\"so-panel widget widget_sow-editor panel-first-child panel-last-child\" data-index=\"1\" ><div\n\t\t\t\n\t\t\tclass=\"so-widget-sow-editor so-widget-sow-editor-base\"\n\t\t\t\n\t\t>\n<div class=\"siteorigin-widget-tinymce textwidget\">\n\t<p><iframe loading=\"lazy\"  id=\"_ytid_67706\"  width=\"450\" height=\"250\"  data-origwidth=\"450\" data-origheight=\"250\" src=\"https:\/\/www.youtube.com\/embed\/hYH1xZwqL1s?enablejsapi=1&#038;autoplay=0&#038;cc_load_policy=0&#038;cc_lang_pref=&#038;iv_load_policy=1&#038;loop=0&#038;rel=1&#038;fs=1&#038;playsinline=0&#038;autohide=2&#038;theme=dark&#038;color=red&#038;controls=1&#038;disablekb=0&#038;\" class=\"__youtube_prefs__  no-lazyload\" title=\"Entrevista com Durvalina Soares Silva\"  allow=\"fullscreen; accelerometer; autoplay; clipboard-write; encrypted-media; gyroscope; picture-in-picture; web-share\" referrerpolicy=\"strict-origin-when-cross-origin\" allowfullscreen data-no-lazy=\"1\" data-skipgform_ajax_framebjll=\"\"><\/iframe><\/span><\/span><\/p>\n<p><strong>Durvalina Soares Silva<\/strong>, bibliotec\u00e1ria de carreira da Prefeitura do Munic\u00edpio de S\u00e3o Paulo, foi diretora dos Departamentos de Bibliotecas P\u00fablicas e Infantojuvenis da PMSP, quando iniciou a jun\u00e7\u00e3o dos mesmos para o que viria a se tornar o Sistema Municipal de Bibliotecas P\u00fablicas de S\u00e3o Paulo, e do Departamento de Bibliotecas P\u00fablicas e Preserva\u00e7\u00e3o da Mem\u00f3ria de S\u00e3o Bernardo do Campo. \u00c9 vice-presidente da Anis &#8211; Associa\u00e7\u00e3o de Servidores do N\u00edvel Superior da PMSP.<\/p>\n<\/div>\n<\/div><\/div><\/div><\/div><div id=\"pg-gb1290-69e37fe5a364d-1\"  class=\"panel-grid panel-no-style\" ><div id=\"pgc-gb1290-69e37fe5a364d-1-0\"  class=\"panel-grid-cell\" ><div id=\"panel-gb1290-69e37fe5a364d-1-0-0\" class=\"so-panel widget widget_sow-editor panel-first-child panel-last-child\" data-index=\"2\" ><div\n\t\t\t\n\t\t\tclass=\"so-widget-sow-editor so-widget-sow-editor-base\"\n\t\t\t\n\t\t>\n<div class=\"siteorigin-widget-tinymce textwidget\">\n\t<iframe loading=\"lazy\"  id=\"_ytid_75062\"  width=\"450\" height=\"250\"  data-origwidth=\"450\" data-origheight=\"250\" src=\"https:\/\/www.youtube.com\/embed\/5bsduFrazFo?enablejsapi=1&#038;autoplay=0&#038;cc_load_policy=0&#038;cc_lang_pref=&#038;iv_load_policy=1&#038;loop=0&#038;rel=1&#038;fs=1&#038;playsinline=0&#038;autohide=2&#038;theme=dark&#038;color=red&#038;controls=1&#038;disablekb=0&#038;\" class=\"__youtube_prefs__  no-lazyload\" title=\"Entrevista com Waltemir (Miro) Nalles\"  allow=\"fullscreen; accelerometer; autoplay; clipboard-write; encrypted-media; gyroscope; picture-in-picture; web-share\" referrerpolicy=\"strict-origin-when-cross-origin\" allowfullscreen data-no-lazy=\"1\" data-skipgform_ajax_framebjll=\"\"><\/iframe>\n<p><strong>Waltemir (Miro) Nalles<\/strong>, formado em Biblioteconomia e Documenta\u00e7\u00e3o pela ECA\/USP, criou e coordenou o Servi\u00e7o de Informa\u00e7\u00e3o e Documenta\u00e7\u00e3o da ONG A\u00e7\u00e3o Educativa. Foi coordenador da Biblioteca Paulo Leminski do CEU Parque Veredas e diretor da Divis\u00e3o de Bibliotecas do Centro Cultural S\u00e3o Paulo. Exerceu a coordena\u00e7\u00e3o do Sistema Municipal de Bibliotecas da cidade de S\u00e3o Paulo de abril de 2015 a dezembro de 2016. Trabalhou na Biblioteca P\u00fablica Municipal Jos\u00e9 Paulo Paes e, atualmente, exerce a supervis\u00e3o do N\u00facleo de Bibliotecas Especiais da Supervis\u00e3o de Bibliotecas do Centro Cultural S\u00e3o Paulo. Fez parte do Grupo de Trabalho respons\u00e1vel pela elabora\u00e7\u00e3o do Plano Municipal do Livro, Leitura, Literatura e Bibliotecas.<\/p>\n<\/div>\n<\/div><\/div><\/div><div id=\"pgc-gb1290-69e37fe5a364d-1-1\"  class=\"panel-grid-cell\" ><div id=\"panel-gb1290-69e37fe5a364d-1-1-0\" class=\"so-panel widget widget_sow-editor panel-first-child panel-last-child\" data-index=\"3\" ><div\n\t\t\t\n\t\t\tclass=\"so-widget-sow-editor so-widget-sow-editor-base\"\n\t\t\t\n\t\t>\n<div class=\"siteorigin-widget-tinymce textwidget\">\n\t<p><span style=\"vertical-align: inherit;\"><span class=\"\" style=\"vertical-align: inherit;\"><iframe loading=\"lazy\"  id=\"_ytid_58121\"  width=\"450\" height=\"250\"  data-origwidth=\"450\" data-origheight=\"250\" src=\"https:\/\/www.youtube.com\/embed\/HN3ED_fnXNo?enablejsapi=1&#038;autoplay=0&#038;cc_load_policy=0&#038;cc_lang_pref=&#038;iv_load_policy=1&#038;loop=0&#038;rel=1&#038;fs=1&#038;playsinline=0&#038;autohide=2&#038;theme=dark&#038;color=red&#038;controls=1&#038;disablekb=0&#038;\" class=\"__youtube_prefs__  no-lazyload\" title=\"Entrevista com Izilda Santos da Silva Patti\"  allow=\"fullscreen; accelerometer; autoplay; clipboard-write; encrypted-media; gyroscope; picture-in-picture; web-share\" referrerpolicy=\"strict-origin-when-cross-origin\" allowfullscreen data-no-lazy=\"1\" data-skipgform_ajax_framebjll=\"\"><\/iframe><\/span><\/span><\/p>\n<p><strong>Izilda Santos da Silva Patti<\/strong> &#8211; Bibliotec\u00e1ria, atuou desde 1977 no Departamento de Bibliotecas Infantojuvenis &#8211; BIJ, atual Coordena\u00e7\u00e3o do Sistema Municipal de Bibliotecas. Foi bibliotec\u00e1ria na Biblioteca Infantojuvenil Zalina Rolim, Bibliotec\u00e1ria-Chefe da BIJ do Centro Cultural do Jabaquara, Supervisora de Bibliotecas Ramais, Assistente T\u00e9cnica de Dire\u00e7\u00e3o e Diretora em exerc\u00edcio dos Departamentos de Bibliotecas P\u00fablicas. Atuou, tamb\u00e9m, na Biblioteca da Pontif\u00edcia Universidade Cat\u00f3lica de S\u00e3o Paulo &#8211; PUCSP.<br \/>\nEsta entrevista faz parte do projeto do site hist\u00f3rico de CSMB.<\/p>\n<\/div>\n<\/div><\/div><\/div><\/div><div id=\"pg-gb1290-69e37fe5a364d-2\"  class=\"panel-grid panel-no-style\" ><div id=\"pgc-gb1290-69e37fe5a364d-2-0\"  class=\"panel-grid-cell\" ><div id=\"panel-gb1290-69e37fe5a364d-2-0-0\" class=\"so-panel widget widget_sow-editor panel-first-child panel-last-child\" data-index=\"4\" ><div\n\t\t\t\n\t\t\tclass=\"so-widget-sow-editor so-widget-sow-editor-base\"\n\t\t\t\n\t\t>\n<div class=\"siteorigin-widget-tinymce textwidget\">\n\t<p><span style=\"vertical-align: inherit;\"><span class=\"\" style=\"vertical-align: inherit;\"><iframe loading=\"lazy\"  id=\"_ytid_25756\"  width=\"450\" height=\"250\"  data-origwidth=\"450\" data-origheight=\"250\" src=\"https:\/\/www.youtube.com\/embed\/uBFva9Hx_co?enablejsapi=1&#038;autoplay=0&#038;cc_load_policy=0&#038;cc_lang_pref=&#038;iv_load_policy=1&#038;loop=0&#038;rel=1&#038;fs=1&#038;playsinline=0&#038;autohide=2&#038;theme=dark&#038;color=red&#038;controls=1&#038;disablekb=0&#038;\" class=\"__youtube_prefs__  no-lazyload\" title=\"Entrevista com Sueli Nemen\"  allow=\"fullscreen; accelerometer; autoplay; clipboard-write; encrypted-media; gyroscope; picture-in-picture; web-share\" referrerpolicy=\"strict-origin-when-cross-origin\" allowfullscreen data-no-lazy=\"1\" data-skipgform_ajax_framebjll=\"\"><\/iframe><\/span><\/span><\/p>\n<p><strong>Sueli Nemem Rocha<\/strong> \u00e9 graduada em Biblioteconomia e Documenta\u00e7\u00e3o pela FESPSP e Letras (Portugu\u00eas \u2013 Ingl\u00eas) pela FATEMA. Especialista em \u201cMedia\u00e7\u00e3o de Servi\u00e7os de Informa\u00e7\u00e3o e Educa\u00e7\u00e3o\u201d pela USP e p\u00f3s-graduada em Gest\u00e3o P\u00fablica pela UMC. Bibliotec\u00e1ria da Coordenadoria do Sistema Municipal de Bibliotecas da Secretaria Municipal de Cultura de S\u00e3o Paulo. Autora do livro T\u00e9cnico de Biblioteconomia \u2013 M\u00f3dulos 10, 11, 12 e 14 publicado pela Secretaria de Estado de Educa\u00e7\u00e3o do Paran\u00e1. Autora do cap\u00edtulo \u201cEtapas de forma\u00e7\u00e3o em biblioteca: um estudo em constru\u00e7\u00e3o\u201d do Caderno de Conte\u00fados Semana de Forma\u00e7\u00e3o Cultura &amp; Trabalho publicado pela Secretaria Municipal de Cultura de S\u00e3o Paulo. Membro do Conselho Curatorial do Semin\u00e1rio Internacional de Bibliotecas P\u00fablicas e Comunit\u00e1rias \u2013 Biblioteca Viva. Membro do Grupo de Trabalho de Bibliotecas P\u00fablicas da FEBAB \u2013 Federa\u00e7\u00e3o Brasileira de Associa\u00e7\u00f5es de Bibliotec\u00e1rios, Cientistas da Informa\u00e7\u00e3o e Institui\u00e7\u00f5es. &#8220;Acredito nas pessoas. Acredito nas bibliotecas, nos livros e nas leituras. Esse \u00e9 o meu caminho&#8230;&#8221;Sueli Nemen<\/p>\n<\/div>\n<\/div><\/div><\/div><div id=\"pgc-gb1290-69e37fe5a364d-2-1\"  class=\"panel-grid-cell\" ><div id=\"panel-gb1290-69e37fe5a364d-2-1-0\" class=\"so-panel widget widget_sow-editor panel-first-child panel-last-child\" data-index=\"5\" ><div\n\t\t\t\n\t\t\tclass=\"so-widget-sow-editor so-widget-sow-editor-base\"\n\t\t\t\n\t\t>\n<div class=\"siteorigin-widget-tinymce textwidget\">\n\t<p><span style=\"vertical-align: inherit;\"><span class=\"\" style=\"vertical-align: inherit;\"><iframe loading=\"lazy\"  id=\"_ytid_99914\"  width=\"450\" height=\"250\"  data-origwidth=\"450\" data-origheight=\"250\" src=\"https:\/\/www.youtube.com\/embed\/Szbhyu82irs?enablejsapi=1&#038;autoplay=0&#038;cc_load_policy=0&#038;cc_lang_pref=&#038;iv_load_policy=1&#038;loop=0&#038;rel=1&#038;fs=1&#038;playsinline=0&#038;autohide=2&#038;theme=dark&#038;color=red&#038;controls=1&#038;disablekb=0&#038;\" class=\"__youtube_prefs__  no-lazyload\" title=\"Entrevista com Ivete Pieruccine\"  allow=\"fullscreen; accelerometer; autoplay; clipboard-write; encrypted-media; gyroscope; picture-in-picture; web-share\" referrerpolicy=\"strict-origin-when-cross-origin\" allowfullscreen data-no-lazy=\"1\" data-skipgform_ajax_framebjll=\"\"><\/iframe><\/span><\/span><\/p>\n<p><strong>Ivete Pieruccini<\/strong> formou-se em Biblioteconomia pela Escola de Comunica\u00e7\u00f5es e Artes, da Universidade de S\u00e3oPaulo, em 1973. Foi bibliotec\u00e1ria do Centro de Documenta\u00e7\u00e3o do Conselho Estadual de Tecnologia (1974) e da Biblioteca da Escola de Comunica\u00e7\u00f5es e Artes\/USP (1974-1977). Ingressou no Departamento de Bibliotecas Infantojuvenis (BIJ), da Secretaria Municipal de Cultura, em 1977,exercendo suas fun\u00e7\u00f5es como bibliotec\u00e1ria e bibliotec\u00e1ria-chefe, na Biblioteca Infantojuvenil Clarice Lispector, at\u00e9 1989. Exerceu os cargos de Supervis\u00e3o de Bibliotecas Ramais (1990-1992) e de Dire\u00e7\u00e3o do Departamento de BIJ (2000-2002). Foi respons\u00e1vel pela implanta\u00e7\u00e3o e coordena\u00e7\u00e3o da Esta\u00e7\u00e3o Mem\u00f3ria, na Biblioteca Infantojuvenil \u00c1lvaroGuerra, projeto dedicado \u00e0 coleta de mem\u00f3rias de idosos e \u00e0s trocas culturais intergeracionais, realizado em parceria com o Departamento de Biblioteconomia e Documenta\u00e7\u00e3o (ECA-USP), durante 1997 a 2008. Aposentou-se em 2005 e desde 2007 \u00e9 docente e pesquisadora na ECA-USP, atuando como professora no Curso de Biblioteconomia.<\/p>\n<\/div>\n<\/div><\/div><\/div><\/div><div id=\"pg-gb1290-69e37fe5a364d-3\"  class=\"panel-grid panel-no-style\" ><div id=\"pgc-gb1290-69e37fe5a364d-3-0\"  class=\"panel-grid-cell panel-grid-cell-mobile-last\" ><div id=\"panel-gb1290-69e37fe5a364d-3-0-0\" class=\"so-panel widget widget_sow-editor panel-first-child panel-last-child\" data-index=\"6\" ><div\n\t\t\t\n\t\t\tclass=\"so-widget-sow-editor so-widget-sow-editor-base\"\n\t\t\t\n\t\t>\n<div class=\"siteorigin-widget-tinymce textwidget\">\n\t<p><span style=\"vertical-align: inherit;\"><span class=\"\" style=\"vertical-align: inherit;\"><iframe loading=\"lazy\"  id=\"_ytid_11642\"  width=\"450\" height=\"250\"  data-origwidth=\"450\" data-origheight=\"250\" src=\"https:\/\/www.youtube.com\/embed\/izZTkh_G3Yg?enablejsapi=1&#038;autoplay=0&#038;cc_load_policy=0&#038;cc_lang_pref=&#038;iv_load_policy=1&#038;loop=0&#038;rel=1&#038;fs=1&#038;playsinline=0&#038;autohide=2&#038;theme=dark&#038;color=red&#038;controls=1&#038;disablekb=0&#038;\" class=\"__youtube_prefs__  no-lazyload\" title=\"Entrevista com Jamile Salibe Ribeiro de Faria Mussupapo\"  allow=\"fullscreen; accelerometer; autoplay; clipboard-write; encrypted-media; gyroscope; picture-in-picture; web-share\" referrerpolicy=\"strict-origin-when-cross-origin\" allowfullscreen data-no-lazy=\"1\" data-skipgform_ajax_framebjll=\"\"><\/iframe>\u00a0\u00a0<\/span><\/span><\/p>\n<p><strong>Jamile Salibe Ribeiro de Faria Mussupapo<\/strong> \u00e9 graduada em Biblioteconomia pela FESPSP e possui MBA em Gest\u00e3o de Projetos pelo Instituto Mau\u00e1 de Tecnologia. Atuou como assessora t\u00e9cnica da Coordenadoria do Sistema Municipal de Bibliotecas. Foi coordenadora das Bibliotecas P\u00fablicas Francisco Pati, Clarice Lispector e \u00c1lvaro Guerra respectivamente. \u00c9 bibliotec\u00e1ria concursada da Prefeitura da Cidade de S\u00e3o Paulo e atualmente trabalha no N\u00facleo de Documenta\u00e7\u00e3o e Pesquisa do Departamento do Patrim\u00f4nio Hist\u00f3rico.<\/p>\n<\/div>\n<\/div><\/div><\/div><div id=\"pgc-gb1290-69e37fe5a364d-3-1\"  class=\"panel-grid-cell panel-grid-cell-empty\" ><\/div><\/div><div id=\"pg-gb1290-69e37fe5a364d-4\"  class=\"panel-grid panel-no-style\" ><div id=\"pgc-gb1290-69e37fe5a364d-4-0\"  class=\"panel-grid-cell\" ><div id=\"panel-gb1290-69e37fe5a364d-4-0-0\" class=\"so-panel widget widget_sow-editor panel-first-child panel-last-child\" data-index=\"7\" ><div\n\t\t\t\n\t\t\tclass=\"so-widget-sow-editor so-widget-sow-editor-base\"\n\t\t\t\n\t\t>\n<div class=\"siteorigin-widget-tinymce textwidget\">\n\t<p>Cr\u00e9ditos: Diretora-geral de CSMB: Raquel da Silva Oliveira. Colabora\u00e7\u00e3o e cria\u00e7\u00e3o Site Hist\u00f3rico CSMB: Alexandre Miyazato, Bruno Silva dos Santos, Claudio Roberto da Silva, Danilo Fermino Ribeiro, Juliana da Silva Santiago, Laura Junqueira Caldas, L\u00edcia Pupo De Paula, Pepe Andrade. Dire\u00e7\u00e3o t\u00e9cnica e edi\u00e7\u00e3o final (\u00e1udio e v\u00eddeo) Ded\u00e9 Vieira.<\/p>\n<\/div>\n<\/div><\/div><\/div><\/div><\/div>","protected":false},"excerpt":{"rendered":"<p>Raquel da Silva Oliveira \u00e9 Mestre em Educa\u00e7\u00e3o, p\u00f3s graduada em Gest\u00e3o de Projetos Culturais e Eventos, Bibliotec\u00e1ria e Pedagoga. Professora nas \u00e1reas de gest\u00e3o e habilidades gerenciais, gest\u00e3o de projetos e metodologia cient\u00edfica. Atualmente coordena a Coordena\u00e7\u00e3o Geral do Sistema Municipal de bibliotecas de &hellip; <\/p>\n","protected":false},"author":2,"featured_media":0,"parent":0,"menu_order":0,"comment_status":"closed","ping_status":"closed","template":"","meta":{"footnotes":""},"class_list":["post-1290","page","type-page","status-publish","hentry"],"_links":{"self":[{"href":"https:\/\/csmb.prefeitura.sp.gov.br\/index.php\/wp-json\/wp\/v2\/pages\/1290","targetHints":{"allow":["GET"]}}],"collection":[{"href":"https:\/\/csmb.prefeitura.sp.gov.br\/index.php\/wp-json\/wp\/v2\/pages"}],"about":[{"href":"https:\/\/csmb.prefeitura.sp.gov.br\/index.php\/wp-json\/wp\/v2\/types\/page"}],"author":[{"embeddable":true,"href":"https:\/\/csmb.prefeitura.sp.gov.br\/index.php\/wp-json\/wp\/v2\/users\/2"}],"replies":[{"embeddable":true,"href":"https:\/\/csmb.prefeitura.sp.gov.br\/index.php\/wp-json\/wp\/v2\/comments?post=1290"}],"version-history":[{"count":0,"href":"https:\/\/csmb.prefeitura.sp.gov.br\/index.php\/wp-json\/wp\/v2\/pages\/1290\/revisions"}],"wp:attachment":[{"href":"https:\/\/csmb.prefeitura.sp.gov.br\/index.php\/wp-json\/wp\/v2\/media?parent=1290"}],"curies":[{"name":"wp","href":"https:\/\/api.w.org\/{rel}","templated":true}]}}